{"id":2620,"date":"2020-04-28T14:19:30","date_gmt":"2020-04-28T12:19:30","guid":{"rendered":"http:\/\/flourish.hemsida.eu\/?page_id=2620"},"modified":"2023-11-28T12:00:39","modified_gmt":"2023-11-28T11:00:39","slug":"term-of-use","status":"publish","type":"page","link":"https:\/\/responsr.io\/da\/term-of-use\/","title":{"rendered":"Brugsperiode"},"content":{"rendered":"<div data-elementor-type=\"wp-page\" data-elementor-id=\"2620\" class=\"elementor elementor-2620\" data-elementor-post-type=\"page\">\n\t\t\t\t\t\t<section class=\"elementor-section elementor-top-section elementor-element elementor-element-a9f96cc elementor-section-boxed elementor-section-height-default elementor-section-height-default\" data-id=\"a9f96cc\" data-element_type=\"section\">\n\t\t\t\t\t\t<div class=\"elementor-container elementor-column-gap-default\">\n\t\t\t\t\t<div class=\"elementor-column elementor-col-100 elementor-top-column elementor-element elementor-element-1a66d39\" data-id=\"1a66d39\" data-element_type=\"column\">\n\t\t\t<div class=\"elementor-widget-wrap elementor-element-populated\">\n\t\t\t\t\t\t<div class=\"elementor-element elementor-element-0b0f1a0 elementor-widget elementor-widget-heading\" data-id=\"0b0f1a0\" data-element_type=\"widget\" data-widget_type=\"heading.default\">\n\t\t\t\t<div class=\"elementor-widget-container\">\n\t\t\t<h2 class=\"elementor-heading-title elementor-size-default\">Vilk\u00e5r for brug<\/h2>\t\t<\/div>\n\t\t\t\t<\/div>\n\t\t\t\t\t<\/div>\n\t\t<\/div>\n\t\t\t\t\t<\/div>\n\t\t<\/section>\n\t\t\t\t<section class=\"elementor-section elementor-top-section elementor-element elementor-element-253afd3 elementor-section-boxed elementor-section-height-default elementor-section-height-default\" data-id=\"253afd3\" data-element_type=\"section\" data-settings=\"{&quot;background_background&quot;:&quot;classic&quot;,&quot;shape_divider_bottom&quot;:&quot;waves&quot;}\">\n\t\t\t\t\t<div class=\"elementor-shape elementor-shape-bottom\" data-negative=\"false\">\n\t\t\t<svg xmlns=\"http:\/\/www.w3.org\/2000\/svg\" viewbox=\"0 0 1000 100\" preserveaspectratio=\"none\">\n\t<path class=\"elementor-shape-fill\" d=\"M421.9,6.5c22.6-2.5,51.5,0.4,75.5,5.3c23.6,4.9,70.9,23.5,100.5,35.7c75.8,32.2,133.7,44.5,192.6,49.7\tc23.6,2.1,48.7,3.5,103.4-2.5c54.7-6,106.2-25.6,106.2-25.6V0H0v30.3c0,0,72,32.6,158.4,30.5c39.2-0.7,92.8-6.7,134-22.4\tc21.2-8.1,52.2-18.2,79.7-24.2C399.3,7.9,411.6,7.5,421.9,6.5z\"\/>\n<\/svg>\t\t<\/div>\n\t\t\t\t\t<div class=\"elementor-container elementor-column-gap-default\">\n\t\t\t\t\t<div class=\"elementor-column elementor-col-100 elementor-top-column elementor-element elementor-element-38074a5\" data-id=\"38074a5\" data-element_type=\"column\">\n\t\t\t<div class=\"elementor-widget-wrap elementor-element-populated\">\n\t\t\t\t\t\t<div class=\"elementor-element elementor-element-3ea0bf2 elementor-widget elementor-widget-text-editor\" data-id=\"3ea0bf2\" data-element_type=\"widget\" data-widget_type=\"text-editor.default\">\n\t\t\t\t<div class=\"elementor-widget-container\">\n\t\t\t\t\t\t\t<p><strong>Servicevilk\u00e5r<\/strong><\/p>\n<p><em>Opdateret 28. november 2023<\/em><\/p>\n<p>I denne aftale er en henvisning til:<\/p>\n<p><strong>Responsr<\/strong>, vi, os eller vores midler Responsr og\/eller den juridiske enhed bag Responsr, Kunden, du eller din betyder den enhed eller person, der har oprettet en konto og eller underskrevet en aftale med Responsr.<\/p>\n<p><strong>Brugere<\/strong>&nbsp;betyder enhver person eller enhed, som du giver adgang til vores tjenester, herunder eventuelle administratorer eller ledere af din konto eller unders\u00f8gelsesrespondenter; and<\/p>\n<p><strong>Kundedata<\/strong> betyder alt indhold eller data, som du eller dine brugere indsender eller overf\u00f8rer til Responsr ved hj\u00e6lp af tjenesterne (herunder personlige data eller unders\u00f8gelsessvar);<\/p>\n<p>Disse generelle vilk\u00e5r og <strong>Aftale<\/strong> danne en kontrakt mellem dig og Responsr. Denne aftale regulerer dit abonnement p\u00e5 og brug af Responsrs websted og\/eller andre relaterede applikationer eller tjenester (tilsammen <strong>Tjenester<\/strong>).<\/p>\n<p><strong>1<\/strong><\/p>\n<p><strong>Tjenester<\/strong><\/p>\n<p>1.1<\/p>\n<p><strong>Responstjenester<\/strong><\/p>\n<p>I l\u00f8bet af l\u00f8betiden vil vi give dig adgang til og brug af de tjenester, der er bestilt beskrevet i aftalen. Du kan bestille yderligere tjenester til enhver tid i l\u00f8bet af l\u00f8betiden ved at kontakte vores kundesuccesteam. Vi vil fakturere dig for eventuelle yderligere tjenester, du bestiller efter periodens start p\u00e5 det tidspunkt, hvor disse tjenester er bestilt.<\/p>\n<p>1.2<\/p>\n<p><strong>\u00c6ndringer i tjenester<\/strong><\/p>\n<p>Vi \u00e6ndrer og forbedrer l\u00f8bende vores tjenester. Responsr kan til enhver tid \u00e6ndre Tjenesterne uden forudg\u00e5ende varsel. Vi vil bestr\u00e6be os p\u00e5 at give dig forudg\u00e5ende meddelelse, hvis vi foretager en \u00e6ndring af Tjenesterne, der resulterer i et samlet v\u00e6sentligt fald i Tjenesternes funktionalitet.<\/p>\n<p>1.3<\/p>\n<p><strong>Suspension af tjenester<\/strong><\/p>\n<p>Vi kan begr\u00e6nse eller suspendere Tjenesterne fra tid til anden efter vores sk\u00f8n (for eksempel for at udf\u00f8re planlagt vedligeholdelse eller i tilf\u00e6lde af en sikkerhedsn\u00f8dsituation). Hvis Responsr begr\u00e6nser eller suspenderer Tjenesterne, vil vi bestr\u00e6be os p\u00e5 at give dig et rimeligt forudg\u00e5ende varsel, s\u00e5 du kan planl\u00e6gge omkring det. Der kan dog v\u00e6re nogle situationer, s\u00e5som sikkerhedsn\u00f8dsituationer, hvor det m\u00e5ske ikke er praktisk muligt for os at give dig besked p\u00e5 forh\u00e5nd<\/p>\n<p>1.4<\/p>\n<p><strong>Tredjepartstjenester<\/strong><\/p>\n<p>Hvis du bruger en tredjepartstjeneste sammen med tjenesterne (for eksempel Slack), anerkender du, at tredjepartstjenesten kan f\u00e5 adgang til eller bruge kundedataene. Responsr er ikke ansvarlig for tredjemands handlinger eller undladelser, herunder en s\u00e5dan tredjeparts brug af kundedata. Responsr garanterer eller underst\u00f8tter ikke nogen s\u00e5dan tredjepartstjeneste, og du b\u00f8r kontakte denne tredjepart for eventuelle problemer, der opst\u00e5r som f\u00f8lge af din brug af tredjepartstjenesten.<\/p>\n<p><strong>2<\/strong><\/p>\n<p><strong>Gebyrer og betalinger<\/strong><\/p>\n<p>2.1<\/p>\n<p><strong>Gebyrer for tjenester<\/strong><\/p>\n<p>Responsr Services faktureres p\u00e5 abonnementsbasis (Abonnement), og du vil blive faktureret p\u00e5 forh\u00e5nd p\u00e5 en tilbagevendende, periodisk basis, oftest 12 m\u00e5neder. Faktureringscyklussen for dit abonnement er beskrevet i aftalen.<br>Hvis du har tilmeldt dig apps gennem salgspartnere (f.eks. Startdeliver, Fortnox osv.), vil faktureringscyklussen blive beskrevet i aftalen med den p\u00e5g\u00e6ldende partner.<\/p>\n<p>Du accepterer at betale Responsr eventuelle gebyrer for hver Tjeneste, du k\u00f8ber eller bruger, i overensstemmelse med de pris- og betalingsbetingelser, der er pr\u00e6senteret for dig for dem i aftalen.<\/p><p>Tilmelding til tjenesten ved hj\u00e6lp af en gratis pr\u00f8veperiode vil ikke udg\u00f8re nogen gebyrer for tjenesten i den gratis pr\u00f8veperiode.&nbsp;<\/p>\n<p>2.2<\/p>\n<p><strong>Pris\u00e6ndringer og Brugerstigninger<\/strong><\/p>\n<p>Responsr kan til enhver tid \u00e6ndre sine gebyrer for tjenester. Eventuelle \u00e6ndringer af gebyrer vil g\u00e6lde fra starten af din n\u00e6ste faktureringscyklus, og du vil blive informeret forud for dem. Hvis din brug af Tjenesterne i l\u00f8bet af en faktureringscyklus overstiger den brugergr\u00e6nse, der er angivet i aftalen, kan vi debitere dig for de yderligere brugere p\u00e5 et forholdsm\u00e6ssigt grundlag for resten af denne faktureringscyklus.<\/p>\n<p>2.3<\/p>\n<p><strong>Automatisk fornyelse<\/strong><\/p>\n<p>Dit abonnement p\u00e5 en hvilken som helst tjeneste fornyes automatisk ved slutningen af hver faktureringscyklus, medmindre du annullerer den automatiske fornyelse af den p\u00e5g\u00e6ldende tjeneste ved at give os et skriftligt varsel 1 dag f\u00f8r afslutningen af faktureringscyklussen.<\/p>\n<p><strong>3<\/strong><\/p>\n<p><strong>Data beskyttelse<\/strong><\/p>\n<p>3.1<\/p>\n<p><strong>Privatliv<\/strong><\/p>\n<p>I l\u00f8bet af brugen af Tjenesterne kan du eller dine Brugere overf\u00f8re kundedata, der indeholder personlige data, til os. Du accepterer og giver samtykke til brug, overf\u00f8rsel, behandling og opbevaring af kundedata i overensstemmelse med denne aftale. For flere detaljer se vores privatlivspolitik.<\/p>\n<p>3.2<\/p>\n<p><strong>Sikkerhed<\/strong><\/p>\n<p>Responsr vil opbevare og behandle kundedata p\u00e5 en m\u00e5de, der er i overensstemmelse med industriens sikkerhedsstandarder. Responsr har implementeret tekniske, organisatoriske og administrative systemer, politikker og procedurer for at hj\u00e6lpe med at sikre sikkerheden, integriteten og fortroligheden af kundedata og for at mindske risikoen for uautoriseret adgang til eller brug af kundedata.<\/p>\n<p>3.3<\/p>\n<p><strong>Disaster recovery<\/strong><\/p>\n<p>Responsr vil opbevare resterende sikkerhedskopier af kundedata, der er lavet i den almindelige forretningsgang af Responsr, udelukkende med det form\u00e5l at opretholde passende praksis for gendannelse efter katastrofe.<\/p>\n<p><strong>4<\/strong><\/p>\n<p><strong>Fortrolighed<\/strong><\/p>\n<p>4.1<\/p>\n<p><strong>Definition af fortrolige oplysninger<\/strong><\/p>\n<p>I denne aftale,<strong>Fortrolige oplysninger<\/strong>&nbsp;betyder enhver information videregivet af en part (den&nbsp;<strong>Afsl\u00f8re<\/strong>) til den anden part (den <strong>Modtager<\/strong>) i forbindelse med brugen af Tjenesterne, der er markeret som fortrolig eller med rimelighed ville blive betragtet som fortrolig under omst\u00e6ndighederne. Kundedata er kundens fortrolige oplysninger. Fortrolige oplysninger omfatter ikke oplysninger, der:<\/p>\n<ul>\n<li>(a) er eller bliver offentlig uden modtagerens skyld;<\/li>\n<li>(b) Modtageren vidste allerede lovligt;<\/li>\n<li>(c) retm\u00e6ssigt blev givet til modtageren af en tredjepart; eller<\/li>\n<li>(d) blev udviklet uafh\u00e6ngigt af Modtageren uden henvisning til Oplysningsgiverens Fortrolige Information.<\/li>\n<\/ul>\n<p>4.2<\/p>\n<p><strong>Tavshedspligt<\/strong><\/p>\n<p>Modtageren skal:<\/p>\n<ul>\n<li>(a) beskytte Oplysningsgiverens Fortrolige Information ved at bruge kommercielt rimelige bestr\u00e6belser;<\/li>\n<li>(b) ikke videregive Oplysningsgiverens Fortrolige Oplysninger, undtagen til tilknyttede virksomheder, medarbejdere, direkt\u00f8rer, kontrahenter, agenter og professionelle r\u00e5dgivere for Modtageren, som har brug for at vide dem, og som skriftligt har accepteret at holde dem fortrolige;<\/li>\n<li>(c) kun bruge Oplyserens Fortrolige Information til at ud\u00f8ve sine rettigheder og opfylde sine forpligtelser i henhold til denne Aftale; and<\/li>\n<li>(d) sikre, at dets tilknyttede selskaber, medarbejdere, direkt\u00f8rer, kontrahenter, agenter og professionelle r\u00e5dgivere kun bruger Oplyserens Fortrolige Information til at ud\u00f8ve sine rettigheder og opfylde sine forpligtelser i henhold til denne Aftale.<\/li>\n<\/ul>\n<p><strong>5<\/strong><\/p>\n<p><strong>Intellektuel ejendom<\/strong><\/p>\n<p>Kunden anerkender og accepterer, at Responsr og\/eller dets licensgivere ejer alle intellektuelle ejendomsrettigheder til Tjenesterne, Dokumentationen og Responsr-softwaren. Medmindre det udtrykkeligt er anf\u00f8rt heri, giver denne aftale ikke kunden nogen rettigheder til, under eller i, patenter, ophavsret, databaserettigheder, designrettigheder, forretningshemmeligheder, handelsnavne, varem\u00e6rker (hvad enten de er registrerede eller uregistrerede) eller andre intellektuelle ejendomsrettigheder eller licenser i, til eller med hensyn til tjenesterne, dokumentationen eller Responsr-softwaren.<\/p>\n<p>5.1<\/p>\n<p>Responsr bekr\u00e6fter, at det har alle de rettigheder i forhold til Tjenesterne og Dokumentationen, som er n\u00f8dvendige for at give alle de rettigheder, det foregiver at give i henhold til og i overensstemmelse med vilk\u00e5rene i denne Aftale.<\/p>\n<p>5.2<\/p>\n<p><strong>Kunde feedback<\/strong><\/p>\n<p>Hvis du giver os feedback i forbindelse med tjenesterne, kan Responsr bruge denne feedback uden nogen forpligtelse over for dig.<\/p>\n<p>5.2<\/p>\n<p><strong>Responsor intellektuelle ejendomsrettigheder<\/strong><\/p>\n<p>Intet i denne aftale eller fra din brug af tjenesterne giver dig:<\/p>\n<ul>\n<li>(a) ejerskab til Tjenesterne eller det indhold, du f\u00e5r adgang til via Tjenesterne (bortset fra kundedata); and<\/li>\n<li>(b) enhver ret til at bruge Responsr-varem\u00e6rker eller andre intellektuelle ejendomsrettigheder indeholdt i vores varem\u00e6rkeidentitet.<\/li>\n<\/ul>\n<p><strong>6<\/strong><\/p>\n<p><strong>Kundens forpligtelser<\/strong><\/p>\n<p>6.1<\/p>\n<p><strong>Overholdelse af lovgivningen<\/strong><\/p>\n<p>Du skal bruge Tjenesterne i overensstemmelse med, og kun som tilladt af, g\u00e6ldende lovgivning. Hvis din brug af Tjenesterne kr\u00e6ver, at du overholder branchespecifikke regler, der g\u00e6lder for s\u00e5dan brug, er du alene ansvarlig for en s\u00e5dan overholdelse, medmindre Responsr har aftalt andet med dig. Du m\u00e5 ikke bruge Tjenesterne p\u00e5 en m\u00e5de, der vil underkaste Responsr nogen branchespecifikke regler uden at have indhentet Responsrs forudg\u00e5ende skriftlige aftale (f.eks. Children&#039;s Online Privacy Protection Act, Payment Card Industry Data Security Standard eller Health Insurance Portability and Accountability Handling).<\/p>\n<p>6.1<\/p>\n<p><strong>Uacceptable anvendelser<\/strong><\/p>\n<p>Du er ansvarlig for din adf\u00e6rd og dine Brugeres adf\u00e6rd. Du skal sikre dig, at du og dine brugere ikke:<\/p>\n<ul>\n<li>(a) misbruge Tjenesterne ved at forstyrre deres normale drift eller fors\u00f8ge at f\u00e5 adgang til dem ved hj\u00e6lp af en anden metode end via de gr\u00e6nseflader og instruktioner, vi leverer;<\/li>\n<li>(b) omg\u00e5 eller fors\u00f8ge at omg\u00e5 eventuelle begr\u00e6nsninger, som Responsr p\u00e5l\u00e6gger din konto (s\u00e5som eventuelle brugerbegr\u00e6nsninger i aftalen);<\/li>\n<li>(c) unders\u00f8ge, scanne eller teste s\u00e5rbarheden af et hvilket som helst Responsr-system eller netv\u00e6rk, medmindre der er givet forudg\u00e5ende skriftlig tilladelse fra Responsr;<\/li>\n<li>(d) dechifrere, dekompilere, adskille, overs\u00e6tte, skabe afledte v\u00e6rker, reverse engineering eller p\u00e5 anden m\u00e5de fors\u00f8ge at rekonstruere, identificere eller opdage enhver kildekode, algoritmer, underliggende ideer eller underliggende brugergr\u00e6nsefladeteknikker i Tjenesterne eller noget af den software, der bruges til at levere Tjenesterne, eller fors\u00f8g p\u00e5 at g\u00f8re det;<\/li>\n<li>(e) direkte eller indirekte identificere en bruger i strid med vilk\u00e5rene i enhver fortrolighedsmeddelelse eller fors\u00f8ge at g\u00f8re det;<\/li>\n<li>(f) overf\u00f8re vira, malware eller andre typer ondsindet software eller links til s\u00e5dan software gennem Tjenesterne;<\/li>\n<li>(g) engagere sig i misbrug eller overdreven brug af Tjenesterne, hvilket er brug, der er v\u00e6sentligt over det gennemsnitlige brugsm\u00f8nster, der negativt p\u00e5virker hastigheden, reaktionsevnen, stabiliteten, tilg\u00e6ngeligheden eller funktionaliteten af Tjenesterne for andre kunder og deres brugere. Responsr vil bestr\u00e6be sig p\u00e5 at underrette dig om enhver misbrug eller overdreven brug for at give dig mulighed for at reducere s\u00e5dan brug til et acceptabelt niveau for Responsr;<\/li>\n<li>(h) bruge tjenesterne til at kr\u00e6nke andres intellektuelle ejendomsrettigheder eller til at beg\u00e5 nogen ulovlig aktivitet;<\/li>\n<li>(i) fors\u00f8ge at omg\u00e5 eventuelle licens-, timing- eller brugsbegr\u00e6nsninger, der er indbygget i Tjenesterne; and<\/li>\n<li>(j) medmindre det er skriftligt godkendt af Responsr, udl\u00e5ne, videres\u00e6lge, lease eller underlicensere eller p\u00e5 anden m\u00e5de bruge Tjenesterne til fordel for en tredjepart.<\/li>\n<\/ul>\n<p>6.3<\/p>\n<p>Du m\u00e5:<\/p>\n<ul>\n<li>(a) sikre, at dine brugere er styret af og overholder denne aftale;<\/li>\n<li>(b) indhente alle n\u00f8dvendige samtykker fra hver bruger for at give dig og administratorerne eller administratorerne af din konto mulighed for at deltage i de aktiviteter, der er p\u00e5t\u00e6nkt i denne aftale;<\/li>\n<li>c) indhente alle n\u00f8dvendige samtykker fra hver bruger for at tillade Responsr at levere tjenesterne;<\/li>\n<li>(d) ikke give nogen person under 16 \u00e5r adgang til Tjenesterne.<\/li>\n<\/ul>\n<p>6.4<\/p>\n<p><strong>Suspension af brugere<\/strong><\/p>\n<p>Hvis en Bruger misligholder denne Aftale eller bruger Tjenesterne p\u00e5 en m\u00e5de, som Responsr med rimelighed mener vil medf\u00f8re Responsrs ansvar eller forstyrre andres brug af Tjenesterne, kan Responsr anmode om, at du suspenderer eller lukker den relevante Brugerkonto, indtil bruddet er blevet afhjulpet eller brugen p\u00e5 en s\u00e5dan m\u00e5de er stoppet. Hvis du undlader at efterkomme en s\u00e5dan anmodning, kan Responsr suspendere eller lukke den relevante brugerkonto.<\/p>\n<p><strong>7<\/strong><\/p>\n<p><strong>L\u00f8betid og opsigelse<\/strong><\/p>\n<p>7.1<\/p>\n<p><strong>Semester<\/strong><\/p>\n<p>Denne aftale begynder p\u00e5 den dato, hvor du underskriver aftalen eller f\u00f8rste gang bruger Tjenesterne (alt efter hvad der er tidligere), og forts\u00e6tter, indtil dit abonnement oph\u00f8rer eller p\u00e5 anden m\u00e5de oph\u00f8rer, eller hvis denne aftale opsiges (den <strong>Semester<\/strong>).<\/p>\n<p>7.2<\/p>\n<p><strong>Opsigelse uden grund<\/strong><\/p>\n<p>Hver af parterne kan opsige denne aftale ved at give den anden part et skriftligt varsel om opsigelse 60 dage f\u00f8r udl\u00f8bet af aftalen\/faktureringscyklussen. Responsr kan opsige denne aftale uanset \u00e5rsag ved at give dig mindst 90 dages skriftligt varsel.<\/p>\n<p>7.3<\/p>\n<p><strong>Opsigelse uden grund<\/strong><\/p>\n<p>Hver af parterne kan opsige denne aftale ved at give den anden part et skriftligt varsel om opsigelse 60 dage f\u00f8r udl\u00f8bet af aftalen\/faktureringscyklussen. Responsr kan opsige denne aftale uanset \u00e5rsag ved at give dig mindst 90 dages skriftligt varsel.<\/p>\n<p>7.4<\/p>\n<p><strong>Opsigelse for v\u00e6sentligt fald i funktionalitet<\/strong><\/p>\n<p>Hvis vi foretager en \u00e6ndring af Tjenesterne, der resulterer i et samlet v\u00e6sentligt fald i Tjenesternes funktionalitet, kan du opsige denne Aftale \u00f8jeblikkeligt ved at give meddelelse til Responsr. Efter at have modtaget meddelelse om opsigelse fra dig, vil Responsr give dig en forholdsm\u00e6ssig tilbagebetaling af eventuelle gebyrer, som du har forudbetalt for perioden efter opsigelsen af denne aftale.<\/p>\n<p>7.5<\/p>\n<p><strong>Konsekvenser af opsigelse<\/strong><\/p>\n<ul>\n<li>(a) Hvis denne aftale opsiges: af dig p\u00e5 grund af brud fra Responsrs side, vil vi give dig en forholdsm\u00e6ssig refusion for eventuelle gebyrer, som du har forudbetalt for perioden efter opsigelsen af denne aftale; eller<\/li>\n<li>(b) af Responsr p\u00e5 grund af misligholdelse fra din side, vil vi fakturere dig, og du betaler, for alle p\u00e5l\u00f8bne, men ikke-fakturerede gebyrer, og du vil forblive ansvarlig for at betale eventuelle udest\u00e5ende fakturaer p\u00e5 opsigelsesdatoen.<\/li>\n<\/ul>\n<p>Under ingen omst\u00e6ndigheder vil udl\u00f8b eller opsigelse af denne aftale fritage dig for gebyrer<\/p>\n<p><strong>8<\/strong><\/p>\n<p><strong>Garantier<\/strong><\/p>\n<p>8.1<\/p>\n<p><strong>Garantier<\/strong><\/p>\n<p>Hver part repr\u00e6senterer og garanterer, at:<\/p>\n<ul>\n<li>(a) den har fuld bef\u00f8jelse og myndighed til at indg\u00e5 denne aftale; and<\/li>\n<li>(b) det vil overholde alle love og regler, der g\u00e6lder for dets levering eller brug af Tjenesterne, alt efter hvad der er relevant.<\/li>\n<\/ul>\n<p><strong>9<\/strong><\/p>\n<p><strong>Godtg\u00f8relser<\/strong><\/p>\n<p>9.1<\/p>\n<p><strong>Af kunde<\/strong><\/p>\n<p>Du vil holde Responsr skadesl\u00f8s, forsvare og holde Responsr skadesl\u00f8s fra og imod alle forpligtelser, skader og omkostninger (inklusive forligsomkostninger og rimelige advokatsal\u00e6rer), der opst\u00e5r som f\u00f8lge af et tredjepartskrav vedr\u00f8rende eller i forbindelse med:<\/p>\n<ul>\n<li>(a) Kundedata (herunder krav om kr\u00e6nkelse af intellektuelle ejendomsrettigheder);<\/li>\n<li>(b) din brug af tjenesterne i strid med denne aftale; eller<\/li>\n<li>(c) dine brugeres brug af tjenesterne i strid med denne aftale.<\/li>\n<\/ul>\n<p>9.2<\/p>\n<p><strong>Ved svar nr<br><\/strong><\/p>\n<p>Responsr vil holde dig skadesl\u00f8s, forsvare og holde dig skadesl\u00f8s fra og imod alle forpligtelser, skader og omkostninger (inklusive forligsomkostninger og rimelige advokatsal\u00e6rer), der opst\u00e5r som f\u00f8lge af en tredjeparts p\u00e5stand om, at den teknologi, der bruges til at levere tjenesterne til dig, kr\u00e6nker nogen intellektuelle S\u00e5danne tredjeparters ejendomsrettigheder. Responsr vil dog under ingen omst\u00e6ndigheder have nogen forpligtelser eller ansvar i henhold til dette afsnit som f\u00f8lge af:<\/p>\n<ul>\n<li>(a) brug af nogen tjenester i en \u00e6ndret form eller i kombination med materialer, der ikke er leveret eller godkendt af Responsr; eller<\/li>\n<li>(b) indhold eller data leveret af dig, dine brugere eller tredjeparter.<\/li>\n<\/ul>\n<p><strong>10<\/strong><\/p>\n<p><strong>Ansvarsfraskrivelser og ansvarsbegr\u00e6nsninger<\/strong><\/p>\n<p>10.1<\/p>\n<p><strong>Ansvarsfraskrivelser<\/strong><\/p>\n<p>Medmindre det udtrykkeligt er angivet i denne aftale og i det omfang, det er tilladt i henhold til g\u00e6ldende lovgivning, giver ingen af parterne nogen form for garantier, udtrykkelige, underforst\u00e5ede, lovbestemte eller p\u00e5 anden m\u00e5de, inklusive garantier for salgbarhed, egnethed til et bestemt form\u00e5l og ikke-kr\u00e6nkelse. Responsr leverer tjenesterne p\u00e5 &quot;som de er&quot;-basis, og undtagen som udtrykkeligt angivet i denne aftale og i det omfang, det er tilladt i henhold til g\u00e6ldende lovgivning, frems\u00e6tter vi ingen erkl\u00e6ringer vedr\u00f8rende tilg\u00e6ngeligheden, p\u00e5lideligheden eller n\u00f8jagtigheden af tjenesterne eller vedr\u00f8rende nogen kundedata. eller andet indhold forbundet med din konto.<\/p>\n<p>10.2<\/p>\n<p><strong>Ansvarsbegr\u00e6nsning<\/strong><\/p>\n<p>I det omfang det er tilladt i henhold til g\u00e6ldende lovgivning, vil det samlede ansvar for en af parterne som f\u00f8lge af eller i forbindelse med denne aftale ikke overstige de samlede bel\u00f8b, som du har betalt til Responsr i henhold til denne aftale i l\u00f8bet af de 12 m\u00e5neder forud for den begivenhed, der giver anledning til ansvaret .<\/p>\n<p><strong>11<\/strong><\/p>\n<p><strong>Tvistbil\u00e6ggelse, g\u00e6ldende lov og jurisdiktion<\/strong><\/p>\n<p>11.1<\/p>\n<p><strong>Konfliktl\u00f8sning<\/strong><\/p>\n<p>F\u00f8r de p\u00e5begynder nogen form for retssager, herunder retssager, professionel m\u00e6gling eller voldgift, accepterer hver part at:<\/p>\n<ul>\n<li>(a) give den anden part meddelelse om tvisten og dens karakter;<\/li>\n<li>(b) give den anden part mulighed for at afhj\u00e6lpe ethvert brud p\u00e5 denne aftale inden for 30 dage; and<\/li>\n<li>(c) f\u00f8re god tro forhandlinger med den anden part for at bil\u00e6gge den omtvistede sag.<\/li>\n<\/ul>\n<p>11.2<\/p>\n<p><strong>G\u00e6ldende lov og jurisdiktion<\/strong><\/p>\n<p>Denne aftale og enhver tvist eller ethvert krav, der opst\u00e5r som f\u00f8lge af eller i forbindelse med den eller dens genstand eller dannelse (herunder ikke-kontraktlige tvister eller krav) skal v\u00e6re underlagt og fortolket i overensstemmelse med svensk lov. Hver part accepterer uigenkaldeligt, at domstolene i Sverige skal have eksklusiv jurisdiktion til at bil\u00e6gge enhver tvist eller ethvert krav, der opst\u00e5r som f\u00f8lge af eller i forbindelse med denne aftale eller dens genstand eller dannelse (herunder ikke-kontraktlige tvister eller krav).<\/p>\n<p><strong>12<\/strong><\/p>\n<p><strong>Andre vilk\u00e5r<\/strong><\/p>\n<p>12.1<\/p>\n<p><strong>Force majeure<\/strong><\/p>\n<p>Ingen af parterne er ansvarlige for utilstr\u00e6kkelig ydeevne i det omfang, der er for\u00e5rsaget af en tilstand (f.eks. naturkatastrofe, krigshandling eller terrorisme, opt\u00f8jer, regeringshandlinger eller generel internetforstyrrelse), som var uden for partens rimelige kontrol.<\/p>\n<p>12.2<\/p>\n<p><strong>Meddelelser<\/strong><\/p>\n<p>Alle meddelelser skal v\u00e6re skriftlige og vil blive anset for givet, n\u00e5r:<\/p>\n<ul>\n<li>(a) bekr\u00e6ftet ved skriftlig kvittering, hvis den sendes med post med bekr\u00e6ftelse af modtagelsesservice eller kurer;<\/li>\n<li>(b) modtaget, hvis det sendes med post uden bekr\u00e6ftelse af modtagelsen; eller<\/li>\n<li>(c) n\u00e5r verificeret ved automatisk kvittering eller elektroniske logfiler, hvis de sendes via e-mail.<\/li>\n<\/ul>\n<p>Meddelelser til Responsr skal sendes til We Love Feedback AB, Gamletullsgatan 12, 302 27 Halmstad eller til <a href=\"mailto:hello@responsr.io\">hej@responsr.io<\/a>. Meddelelser til dig kan sendes til den e-mailadresse, der er knyttet til kundekontaktoplysningerne i aftalen. Du skal holde de kontaktoplysninger, der er knyttet til din konto, aktuelle og n\u00f8jagtige ved at underrette Responsrs Customer Success-team, n\u00e5r dine kontaktoplysninger \u00e6ndres. Du kan give godkendelser, tilladelser, udvidelser og samtykker via e-mail.<\/p>\n<p>12.3<\/p>\n<p><strong>Adskillelighed<\/strong><\/p>\n<p>Hvis en bestemmelse i denne aftale afg\u00f8res til ikke at kunne h\u00e5ndh\u00e6ves af en domstol med kompetent jurisdiktion, vil denne bestemmelse blive adskilt fra denne aftale, og de resterende vilk\u00e5r forbliver i fuld virkning.<\/p>\t\t\t\t\t\t<\/div>\n\t\t\t\t<\/div>\n\t\t\t\t\t<\/div>\n\t\t<\/div>\n\t\t\t\t\t<\/div>\n\t\t<\/section>\n\t\t\t\t<\/div>","protected":false},"excerpt":{"rendered":"<p>Vilk\u00e5r for brug Servicevilk\u00e5r Opdateret 28. november 2023 I denne aftale er en henvisning til: Responsr, vi, os eller vores midler Responsr og\/eller den juridiske enhed bag Responsr, kunden, dig eller din betyder den enhed eller person, der har oprettet en konto og eller underskrevet en aftale med Responsr. Brugere betyder enhver person eller [...]<\/p>","protected":false},"author":1,"featured_media":0,"parent":0,"menu_order":0,"comment_status":"closed","ping_status":"closed","template":"","meta":{"_seopress_robots_primary_cat":"","_seopress_titles_title":"Terms of use","_seopress_titles_desc":"Responsr Terms of use","_seopress_robots_index":"","inline_featured_image":false,"footnotes":""},"class_list":["post-2620","page","type-page","status-publish","hentry"],"_links":{"self":[{"href":"https:\/\/responsr.io\/da\/wp-json\/wp\/v2\/pages\/2620"}],"collection":[{"href":"https:\/\/responsr.io\/da\/wp-json\/wp\/v2\/pages"}],"about":[{"href":"https:\/\/responsr.io\/da\/wp-json\/wp\/v2\/types\/page"}],"author":[{"embeddable":true,"href":"https:\/\/responsr.io\/da\/wp-json\/wp\/v2\/users\/1"}],"replies":[{"embeddable":true,"href":"https:\/\/responsr.io\/da\/wp-json\/wp\/v2\/comments?post=2620"}],"version-history":[{"count":0,"href":"https:\/\/responsr.io\/da\/wp-json\/wp\/v2\/pages\/2620\/revisions"}],"wp:attachment":[{"href":"https:\/\/responsr.io\/da\/wp-json\/wp\/v2\/media?parent=2620"}],"curies":[{"name":"wp","href":"https:\/\/api.w.org\/{rel}","templated":true}]}}