{"id":2629,"date":"2020-04-28T14:28:58","date_gmt":"2020-04-28T12:28:58","guid":{"rendered":"http:\/\/flourish.hemsida.eu\/?page_id=2629"},"modified":"2021-03-17T16:29:54","modified_gmt":"2021-03-17T15:29:54","slug":"privacy-policy","status":"publish","type":"page","link":"https:\/\/responsr.io\/da\/privacy-policy\/","title":{"rendered":"Privacy policy"},"content":{"rendered":"<div data-elementor-type=\"wp-page\" data-elementor-id=\"2629\" class=\"elementor elementor-2629\" data-elementor-post-type=\"page\">\n\t\t\t\t\t\t<section class=\"elementor-section elementor-top-section elementor-element elementor-element-a9f96cc elementor-section-boxed elementor-section-height-default elementor-section-height-default\" data-id=\"a9f96cc\" data-element_type=\"section\">\n\t\t\t\t\t\t<div class=\"elementor-container elementor-column-gap-default\">\n\t\t\t\t\t<div class=\"elementor-column elementor-col-100 elementor-top-column elementor-element elementor-element-1a66d39\" data-id=\"1a66d39\" data-element_type=\"column\">\n\t\t\t<div class=\"elementor-widget-wrap elementor-element-populated\">\n\t\t\t\t\t\t<div class=\"elementor-element elementor-element-0b0f1a0 elementor-widget elementor-widget-heading\" data-id=\"0b0f1a0\" data-element_type=\"widget\" data-widget_type=\"heading.default\">\n\t\t\t\t<div class=\"elementor-widget-container\">\n\t\t\t<h2 class=\"elementor-heading-title elementor-size-default\">Fortrolighedspolitik<\/h2>\t\t<\/div>\n\t\t\t\t<\/div>\n\t\t\t\t\t<\/div>\n\t\t<\/div>\n\t\t\t\t\t<\/div>\n\t\t<\/section>\n\t\t\t\t<section class=\"elementor-section elementor-top-section elementor-element elementor-element-253afd3 elementor-section-boxed elementor-section-height-default elementor-section-height-default\" data-id=\"253afd3\" data-element_type=\"section\" data-settings=\"{&quot;background_background&quot;:&quot;classic&quot;}\">\n\t\t\t\t\t\t<div class=\"elementor-container elementor-column-gap-default\">\n\t\t\t\t\t<div class=\"elementor-column elementor-col-100 elementor-top-column elementor-element elementor-element-38074a5\" data-id=\"38074a5\" data-element_type=\"column\">\n\t\t\t<div class=\"elementor-widget-wrap elementor-element-populated\">\n\t\t\t\t\t\t<div class=\"elementor-element elementor-element-3ea0bf2 elementor-widget elementor-widget-text-editor\" data-id=\"3ea0bf2\" data-element_type=\"widget\" data-widget_type=\"text-editor.default\">\n\t\t\t\t<div class=\"elementor-widget-container\">\n\t\t\t\t\t\t\t<p><em>Opdateret 11. marts 2021<\/em><\/p><article><section><div><div><div><p>1<\/p><p><b>Generel information<\/b><\/p><p>1.1<\/p><p>We Love Feedback AB (&quot;Responser, &quot;vi eller &quot;os&quot;) forst\u00e5r, at privatlivets fred er vigtigt for vores brugere, og derfor \u00f8nsker vi at g\u00f8re det nemt for dig at forst\u00e5, hvordan vi bruger dine personlige data.<\/p><p>We Love Feedback AB, firmaregistreringsnummer 559235-4756 med sin registrerede adresse p\u00e5 Gamletullsgatan 12, 302 27 Halmstad. Dette dokument indeholder en politikerkl\u00e6ring vedr\u00f8rende Responsrs indsamling, brug og behandling af personoplysninger (&quot;Privatlivspolitik&quot;). Denne privatlivspolitik er g\u00e6ldende, n\u00e5r du bes\u00f8ger &quot;Webstedet&quot; og\/eller bruger &quot;Tjenesterne&quot; og\/eller &quot;Tilmeld dig&quot; for at bruge Tjenesterne.<\/p><ul><li>tilmelde dig for at bruge Tjenesterne;<\/li><li>bes\u00f8g enhver af vores hjemmeside responsr.io;<\/li><li>n\u00e5r du interagerer med tjenesterne via nogen af tjenesternes websteder, alt under responsr.io; and<\/li><li>n\u00e5r du bruger Tjenesten som medarbejder for en af vores kunder;<\/li><\/ul><p>1.2<\/p><p>Alle definitioner i denne privatlivspolitik skal fortolkes i overensstemmelse med g\u00e6ldende databeskyttelseslove, som henviser til den svenske persondatalov (1998:204), som implementerer EU-direktivet 95\/46\/EC, og den generelle databeskyttelsesforordning (forordning nr. 2016\/679) og direktivet om privatliv og elektronisk kommunikation (direktiv 2002\/58\/EF) samt de nationale implementeringer og tilh\u00f8rende national lovgivning.<\/p><p>2<\/p><p><b>Bearbejdede data<\/b><\/p><p>2.1<\/p><p>Vi vil bruge dine personlige data som beskrevet i denne privatlivspolitik. Vi bruger ogs\u00e5 cookies og cachedata for at lette din brug af Tjenesterne. Vi vil bruge dine personlige data, anvende cookies og cachedata til form\u00e5let beskrevet nedenfor.<\/p><p>2.2<\/p><p>Vi behandler f\u00f8lgende personoplysninger, n\u00e5r du eller nogen p\u00e5 dine vegne, s\u00e5som en arbejdsgiver, giver os eller Tjenesterne persondata i forbindelse med brug af Tjenesterne eller tilmelding til at bruge Tjenesterne.<\/p><ul><li>a) navn;<\/li><li>(b) e-mailadresse;<\/li><li>(c) arbejdstitel (valgfrit);<\/li><li>(d) Facebook-kontooplysninger (valgfrit);<\/li><li>e) telefonnummer (valgfrit);<\/li><li>(f) oplysninger om din brug af tjenesterne;<\/li><li>(g) indhold, som du poster, uploader og\/eller bidrager til Tjenesterne;<\/li><li>(h) tekniske data, som kan omfatte den URL, du f\u00e5r adgang til webstedet fra, din IP-adresse, unikke enheds-id, netv\u00e6rks- og computerydelse, browsertype, sprog og identificerende oplysninger og operativsystem;<\/li><li>(i) virksomhedsoplysninger, som kan omfatte navn, st\u00f8rrelse og kontorplacering (valgfrit); and<\/li><li>(j) lokationsdata, herunder tidszone;<\/li><\/ul><p>2.3<\/p><p>Vi er ikke i stand til at give dig Tjenesterne, medmindre du giver os de ikke-valgfrie personlige data ovenfor.<\/p><p>2.4<\/p><p>Din arbejdsgiver eller en tredjepart, som din arbejdsgiver har tildelt til at administrere Tjenesterne (&quot;Virksomheden&quot;) vil ogs\u00e5 indsamle personlige data ved at bruge Tjenesterne. S\u00e5danne persondata kan v\u00e6re de samme kategorier som ovenfor, s\u00e5vel som persondata relateret til dig, dine kolleger og din besk\u00e6ftigelse. I s\u00e5danne tilf\u00e6lde er virksomheden dataansvarlig for s\u00e5danne yderligere personoplysninger og dermed ansvarlig for behandlingen af disse personoplysninger. Hvis du har sp\u00f8rgsm\u00e5l vedr\u00f8rende virksomhedens indsamling af personoplysninger inden for tjenesterne, skal du derfor kontakte virksomheden.<\/p><p>3<\/p><p><b>Form\u00e5l med forarbejdning<\/b><\/p><p>3.1<\/p><p>Vi behandler personoplysninger beskrevet ovenfor til f\u00f8lgende form\u00e5l:<\/p><ul><li>a) For at administrere din konto, for at aktivere og levere Tjenesterne og integration med tredjepartstjenester og for at levere, personligg\u00f8re og forbedre din oplevelse med Tjenesterne og i \u00f8vrigt levere Tjenesterne i henhold til brugsbetingelserne;<\/li><li>b) at sende dig advarsler eller beskeder via e-mail eller p\u00e5 anden m\u00e5de, herunder for at give dig markedsf\u00f8ring af vores og vores n\u00e6rtst\u00e5ende parters produkter og tjenester;<\/li><li>c) at informere dig om opdateringer af Tjenesterne eller vilk\u00e5rene for brug;<\/li><li>d) at forbedre og udvikle tjenesterne eller nye tjenester og produkter og analysere din brug af tjenesterne;<\/li><li>e) at sikre den tekniske funktion af tjenesterne og for at forhindre brug af tjenesterne i strid med brugsbetingelserne;<\/li><li>f) at h\u00e5ndh\u00e6ve vilk\u00e5rene for brug, herunder for at beskytte vores rettigheder, ejendom og sikkerhed og ogs\u00e5 tredjeparters rettigheder, ejendom og sikkerhed, hvis det er n\u00f8dvendigt;<\/li><li>g) at opfylde lovkrav; and<\/li><li>hvis du kontakter eller korresponderer med os (for eksempel ved at bruge en supportfunktion, der er stillet til r\u00e5dighed af os), og vi kan opbevare en fortegnelse over denne korrespondance (enten direkte eller gennem vores tjenesteudbydere)<\/li><\/ul><p>4<\/p><p><b>Juridisk grund<\/b><\/p><p>4.1<\/p><p>Ved at tilmelde dig Tjenesterne eller bruge Tjenesterne som ansat i en virksomhed, der bruger Tjenesterne, giver du dit samtykke til behandlingen af de personlige data ovenfor som angivet i denne Privatlivspolitik.<\/p><p>4.2<\/p><p>Ved at oprette en konto til Tjenesterne eller bruge den som medarbejder for en virksomhed, der bruger Tjenesterne, behandler vi dine personoplysninger for at kunne indg\u00e5 en Kundeaftale med dig.<\/p><p>4.3<\/p><p>Behandlingen af dine personoplysninger med det form\u00e5l at bes\u00f8ge vores hjemmeside eller bruge tjenesterne udf\u00f8res p\u00e5 grundlag af Responsrs legitime interesse. Vores legitime interesse for behandlingen er, at vi er n\u00f8dt til at logge data, n\u00e5r du bes\u00f8ger vores hjemmeside for at kunne opretholde tilstr\u00e6kkelig it-sikkerhed, for at undg\u00e5 svindel og for at beskytte hjemmesiden og tjenesterne mod cybertrusler. Vi logger ogs\u00e5 data til vedligeholdelse og forbedring af vores hjemmeside og service og for at optimere og personligg\u00f8re oplevelsen for dig.<\/p><p>5<\/p><p><b>Videregivelse af personlige data<\/b><\/p><p>5.1<\/p><p>Vi kan dele og videregive dine personlige data til kundesupportl\u00f8sninger, marketingl\u00f8sninger, transaktionelle e-mail-udbydere, tjenesteudbydere, der hoster tjenesterne og webstedet for at kunne levere dig tjenesterne og forbedre vores websted.<\/p><p>5.2<\/p><p>Nogle af vores underbehandlere (tjenesteudbydere, kundesupportl\u00f8sninger, marketingl\u00f8sninger) er placeret uden for EU\/E\u00d8S, som alle er i overensstemmelse med Privacy Shield Frameworks krav. Du kan f\u00e5 yderligere information om overf\u00f8rslen ved at kontakte os p\u00e5 <a href=\"mailto:hello@responsr.se\">hej@responsr.se<\/a><\/p><p>5.3<\/p><p>N\u00e5r du bes\u00f8ger vores websted eller bruger tjenesterne, kan du blive ledt til andre websteder, hvor de indsamlede personlige data ikke er i vores kontrol. Privatlivspolitikken p\u00e5 den anden hjemmeside vil regulere de personlige data, der er indhentet fra dig p\u00e5 denne hjemmeside.<\/p><p>6<\/p><p><b>Reagere p\u00e5 juridiske anmodninger og forebygge skade<\/b><\/p><p>Vi kan f\u00e5 adgang til, bevare og dele dine personlige data som svar p\u00e5 en juridisk anmodning (s\u00e5som en ransagningskendelse, retskendelse eller en st\u00e6vning eller lignende), eller n\u00e5r det er n\u00f8dvendigt for at opdage, forhindre og behandle svindel og anden ulovlig aktivitet, for at beskytte os selv , dig og andre brugere, herunder som led i unders\u00f8gelser.<\/p><p>7<\/p><p><b>Cookies, pixels og andre systemteknologier<\/b><\/p><p>Vi indsamler oplysninger ved at bruge teknologi s\u00e5som cookies, pixels og tags (p\u00e5 din browser eller enhed). For information om, hvordan vi bruger denne type teknologi, bedes du kontakte os p\u00e5 <a href=\"mailto:hello@responsr.io\">hej@responsr.io<\/a><\/p><p>8<\/p><p><b>Tilbageholdelse<\/b><\/p><p>Vi gemmer dine personlige data, s\u00e5 l\u00e6nge det er n\u00f8dvendigt for at udf\u00f8re Tjenesterne.<\/p><p>9<\/p><p><b>B\u00f8rn<\/b><\/p><p>Tjenesterne henvender sig ikke til personer under 16 \u00e5r. Hvis du er for\u00e6lder eller v\u00e6rge for en person under 16 \u00e5r, og du bliver opm\u00e6rksom p\u00e5, at barnet har givet os personlige data uden dit samtykke, bedes du kontakte<a href=\"mailto:hello@responsr.io\"> hej@responsr.io<\/a> at ud\u00f8ve din adgang, berigtigelse, sletning, begr\u00e6nsning af behandling og indsigelsesrettigheder.<\/p><p>10<\/p><p><b>Dine rettigheder<\/b><\/p><p>10.1<\/p><p>Du har absolut ret til at g\u00f8re indsigelse mod behandlingen af dine personoplysninger til direkte markedsf\u00f8ring. Du har ogs\u00e5 ret til at tilbagekalde dit forudg\u00e5ende samtykke. Tilbagetr\u00e6kningen af dit samtykke p\u00e5virker ikke lovligheden af behandlingen baseret p\u00e5 samtykket f\u00f8r dets tilbagetr\u00e6kning, og vi kan forts\u00e6tte med at behandle dine personoplysninger baseret p\u00e5 andre juridiske grunde, bortset fra direkte markedsf\u00f8ring.<\/p><p>10.2<\/p><p>Du har ret til at anmode om indsigt og yderligere oplysninger vedr\u00f8rende behandlingen af dine personoplysninger, eller anmode om, at vi retter, berigtiger, kompletterer, sletter eller begr\u00e6nser behandlingen af dine personoplysninger. Du har ret til gratis at f\u00e5 en kopi af de personoplysninger, som vi behandler vedr\u00f8rende dig, \u00e9n gang (1) hvert kalender\u00e5r. For eventuelle yderligere kopier, som du anmoder om, kan vi opkr\u00e6ve et rimeligt gebyr baseret p\u00e5 administrative omkostninger.<\/p><p>10.3<\/p><p>Hvis behandlingen er baseret p\u00e5 juridiske grunde samtykke eller opfyldelse af kontrakt, har du ret til dataportabilitet. Dataportabilitet betyder, at du kan modtage de personoplysninger, som du har givet os, i et struktureret, almindeligt anvendt og maskinl\u00e6sbart format og har ret til at overf\u00f8re s\u00e5danne data til en anden dataansvarlig, hvis det ikke er i strid med din aftale med din arbejdsgiver.<\/p><p>11<\/p><p><b>Kontakt information<\/b><\/p><p>11.1<\/p><p>For at ud\u00f8ve dine rettigheder, eller hvis du har sp\u00f8rgsm\u00e5l vedr\u00f8rende vores behandling af dine personoplysninger, bedes du kontakte os. I dit brev\/e-mail bedes du oplyse dit fulde navn, den virksomhed du Bem\u00e6rk, at du selv skal underskrive anmodningen om at modtage information om behandlingen af dine personoplysninger.<\/p><p>11.2<\/p><p>Hvis du har klager over vores behandling af dine personoplysninger, kan du indgive en klage til den kompetente databeskyttelsesmyndighed. Du kan f\u00e5 mere at vide om de lokale databeskyttelsesmyndigheder under f\u00f8lgende link<a href=\"http:\/\/ec.europa.eu\/justice\/data-protection\/bodies\/authorities\/index_en.htm\">\u00a0http:\/\/ec.europa.eu\/justice\/data-protection\/bodies\/authorities\/index_en.htm<\/a>.<\/p><p>12<\/p><p><b>Meddelelse om \u00e6ndringer i fortrolighedspolitikken<\/b><\/p><p>Hvis vi foretager \u00e6ndringer i denne fortrolighedspolitik, giver vi dig besked via e-mail og p\u00e5 vores hjemmeside. Hvis dit samtykke er p\u00e5kr\u00e6vet p\u00e5 grund af \u00e6ndringerne, vil vi give dig yderligere fremtr\u00e6dende meddelelse efter omst\u00e6ndighederne og bede om dit samtykke i overensstemmelse med g\u00e6ldende lovgivning.<\/p><\/div><\/div><\/div><\/section><\/article>\t\t\t\t\t\t<\/div>\n\t\t\t\t<\/div>\n\t\t\t\t\t<\/div>\n\t\t<\/div>\n\t\t\t\t\t<\/div>\n\t\t<\/section>\n\t\t\t\t<\/div>","protected":false},"excerpt":{"rendered":"<p>Fortrolighedspolitik Opdateret 11. marts 2021 1 Generel information 1.1 We Love Feedback AB (&quot;Responsr, &quot;vi eller &quot;os&quot;) forst\u00e5r, at privatlivets fred er vigtigt for vores brugere, og derfor \u00f8nsker vi at g\u00f8re det nemt for dig at forst\u00e5, hvordan vi bruger din personaledata. We Love Feedback AB, firmaregistreringsnummer 559235-4756 med sin registrerede adresse [...]<\/p>","protected":false},"author":1,"featured_media":0,"parent":0,"menu_order":0,"comment_status":"closed","ping_status":"closed","template":"","meta":{"_seopress_robots_primary_cat":"","_seopress_titles_title":"Privacy policy","_seopress_titles_desc":"V\u00e5r privacy policy","_seopress_robots_index":"","inline_featured_image":false,"footnotes":""},"class_list":["post-2629","page","type-page","status-publish","hentry"],"_links":{"self":[{"href":"https:\/\/responsr.io\/da\/wp-json\/wp\/v2\/pages\/2629"}],"collection":[{"href":"https:\/\/responsr.io\/da\/wp-json\/wp\/v2\/pages"}],"about":[{"href":"https:\/\/responsr.io\/da\/wp-json\/wp\/v2\/types\/page"}],"author":[{"embeddable":true,"href":"https:\/\/responsr.io\/da\/wp-json\/wp\/v2\/users\/1"}],"replies":[{"embeddable":true,"href":"https:\/\/responsr.io\/da\/wp-json\/wp\/v2\/comments?post=2629"}],"version-history":[{"count":0,"href":"https:\/\/responsr.io\/da\/wp-json\/wp\/v2\/pages\/2629\/revisions"}],"wp:attachment":[{"href":"https:\/\/responsr.io\/da\/wp-json\/wp\/v2\/media?parent=2629"}],"curies":[{"name":"wp","href":"https:\/\/api.w.org\/{rel}","templated":true}]}}