{"id":2663,"date":"2020-04-28T15:45:15","date_gmt":"2020-04-28T13:45:15","guid":{"rendered":"http:\/\/flourish.hemsida.eu\/?page_id=2663"},"modified":"2023-01-29T10:03:59","modified_gmt":"2023-01-29T09:03:59","slug":"integritetspolicy","status":"publish","type":"page","link":"https:\/\/responsr.io\/da\/integritetspolicy\/","title":{"rendered":"Fortrolighedspolitik"},"content":{"rendered":"<div data-elementor-type=\"wp-page\" data-elementor-id=\"2663\" class=\"elementor elementor-2663\" data-elementor-post-type=\"page\">\n\t\t\t\t\t\t<section class=\"elementor-section elementor-top-section elementor-element elementor-element-a9f96cc elementor-section-boxed elementor-section-height-default elementor-section-height-default\" data-id=\"a9f96cc\" data-element_type=\"section\">\n\t\t\t\t\t\t<div class=\"elementor-container elementor-column-gap-default\">\n\t\t\t\t\t<div class=\"elementor-column elementor-col-100 elementor-top-column elementor-element elementor-element-1a66d39\" data-id=\"1a66d39\" data-element_type=\"column\">\n\t\t\t<div class=\"elementor-widget-wrap elementor-element-populated\">\n\t\t\t\t\t\t<div class=\"elementor-element elementor-element-0b0f1a0 elementor-widget elementor-widget-heading\" data-id=\"0b0f1a0\" data-element_type=\"widget\" data-widget_type=\"heading.default\">\n\t\t\t\t<div class=\"elementor-widget-container\">\n\t\t\t<h2 class=\"elementor-heading-title elementor-size-default\">Personlig data<wbr>politik<\/h2>\t\t<\/div>\n\t\t\t\t<\/div>\n\t\t\t\t\t<\/div>\n\t\t<\/div>\n\t\t\t\t\t<\/div>\n\t\t<\/section>\n\t\t\t\t<section class=\"elementor-section elementor-top-section elementor-element elementor-element-253afd3 elementor-section-boxed elementor-section-height-default elementor-section-height-default\" data-id=\"253afd3\" data-element_type=\"section\" data-settings=\"{&quot;background_background&quot;:&quot;classic&quot;}\">\n\t\t\t\t\t\t<div class=\"elementor-container elementor-column-gap-default\">\n\t\t\t\t\t<div class=\"elementor-column elementor-col-100 elementor-top-column elementor-element elementor-element-38074a5\" data-id=\"38074a5\" data-element_type=\"column\">\n\t\t\t<div class=\"elementor-widget-wrap elementor-element-populated\">\n\t\t\t\t\t\t<div class=\"elementor-element elementor-element-3ea0bf2 elementor-widget elementor-widget-text-editor\" data-id=\"3ea0bf2\" data-element_type=\"widget\" data-widget_type=\"text-editor.default\">\n\t\t\t\t<div class=\"elementor-widget-container\">\n\t\t\t\t\t\t\t<p><b>Form\u00e5let med denne politik er at skabe sikkerhed og give dig detaljeret information om, hvordan vi h\u00e5ndterer dine personoplysninger, n\u00e5r du bruger vores tjenester. I den f\u00f8lgende tekst beskriver vi, hvordan data h\u00e5ndteres, gemmes, slettes og hvilke rettigheder du har.<\/b><\/p>\t\t\t\t\t\t<\/div>\n\t\t\t\t<\/div>\n\t\t\t\t<div class=\"elementor-element elementor-element-39ef165 elementor-widget elementor-widget-text-editor\" data-id=\"39ef165\" data-element_type=\"widget\" data-widget_type=\"text-editor.default\">\n\t\t\t\t<div class=\"elementor-widget-container\">\n\t\t\t\t\t\t\t<h3>GDPR<\/h3>\n<p><b>HVAD ER PERSONOPLYSNINGER?<\/b><\/p>\n<p>Personoplysninger er oplysninger, der direkte eller indirekte kan knyttes til en fysisk levende person. Eksempler p\u00e5 persondata er navn, adresse, telefonnummer og e-mailadresse, men ogs\u00e5 oplysninger om IP-numre og om din brugeradf\u00e6rd.<\/p>\n<p>Behandling af personoplysninger omfatter al h\u00e5ndtering af personoplysninger, f.eks. indsamling, analyse, registrering og opbevaring.&nbsp;<\/p>\n<p><b>&nbsp;<\/b><\/p>\n<p><b>HVEM ER ANSVARLIG FOR PERSONOPLYSNINGER?<\/b><\/p>\n<p>Persondataansvarlig er den, der alene eller sammen med en anden fastl\u00e6gger form\u00e5l og midler til behandlingen af personoplysningerne, og som er det endelige ansvar for, at behandlingen sker i overensstemmelse med den g\u00e6ldende persondatalovgivning.<\/p>\n<p><strong>&nbsp;<\/strong><\/p>\n<p><strong>HVILKE OPLYSNINGER ER INDSAMLET?<\/strong><\/p>\n<p>Afh\u00e6ngigt af den tjeneste du bruger, kan vi indsamle f\u00f8lgende oplysninger:<\/p>\n<p>Navn<br>Email adresse<br>Telefonnummer<br>IP-adresse<br>Andre oplysninger, som du selv giver p\u00e5 hjemmesiden og dens tjenester&nbsp;<\/p>\n<p>N\u00e5r du bruger hjemmesiden og dens tjenester, kan visse oplysninger blive indsamlet automatisk. Oplysninger om din brug og tekniske data, som kan omfatte din URL, hvorigennem du f\u00e5r adgang til webstedet og dets tjenester, din IP-adresse, din enheds-id, netv\u00e6rks- og computerydelsesoplysninger, browsertype, sprog og identifikationsoplysninger og operativsystem. Oplysningerne er statiske og du som bruger bliver anonym uden mulighed for at blive identificeret.<\/p>\n<p><strong>&nbsp;<\/strong><\/p>\n<p><strong>FORM\u00c5L OG JURIDISK GRUNDLAG FOR BEHANDLING AF DINE PERSONOPLYSNINGER<\/strong><\/p>\n<p>Dine personoplysninger, som bruger, behandles til f\u00f8lgende form\u00e5l med st\u00f8tte fra det juridiske grundlag, der er angivet nedenfor. Nedenfor beskriver vi ogs\u00e5, hvordan vi behandler dine personoplysninger til markedsf\u00f8ringsform\u00e5l.<\/p>\t\t\t\t\t\t<\/div>\n\t\t\t\t<\/div>\n\t\t\t\t<div class=\"elementor-element elementor-element-8e29892 elementor-widget elementor-widget-text-editor\" data-id=\"8e29892\" data-element_type=\"widget\" data-widget_type=\"text-editor.default\">\n\t\t\t\t<div class=\"elementor-widget-container\">\n\t\t\t\t\t\t\t<table><tbody><tr><td><p><b>Form\u00e5l<\/b><\/p><\/td><td><p><b>Retsgrundlag<\/b><\/p><\/td><\/tr><tr><td><p>\u00a0<\/p><p>Opret og administrer dine bestilte nyhedsbreve eller andre bestilte tjenester.<\/p><p>\u00a0<\/p><p>F\u00f8lg og administrer ordrehistorik, f.eks. om betalingsmetoder.<\/p><\/td><td><p>\u00a0<\/p><p>At opfylde aftaler, som du er part i<\/p><\/td><\/tr><tr><td><p>For at opfylde dine ordrer p\u00e5 produkter\/tjenester.<\/p><p>\u00a0<\/p><p>Oprethold n\u00f8jagtige og opdaterede oplysninger om din kundeprofil.<\/p><\/td><td><p>\u00a0<\/p><p>At opfylde aftaler, som du er part i<\/p><\/td><\/tr><tr><td><p>\u00a0<\/p><p>At udf\u00f8re profilering.<\/p><p>\u00a0<\/p><p>Ved at analysere din adf\u00e6rd p\u00e5 vores hjemmeside kan vi sende dig m\u00e5lrettet information og markedsf\u00f8ring via forskellige digitale kontaktkanaler, s\u00e5som SMS, push-notifikationer, sociale medier.<\/p><\/td><td><p>\u00a0<\/p><p>Samtykke betyder, at du godkender denne type behandling<\/p><\/td><\/tr><tr><td><p>\u00a0<\/p><p>For at kunne give en relevant og personlig brugeroplevelse p\u00e5 vores hjemmeside.<\/p><p>\u00a0<\/p><p>Giv abonnenter og bes\u00f8gende personligt indhold.<\/p><p>\u00a0<\/p><p>Giv relevante anbefalinger og<\/p><p>tilbud.\u00a0<\/p><\/td><td><p>\u00a0<\/p><p>Interesseafvejning, hvor det er i vores interesse at give en h\u00f8j brugeroplevelse ved at g\u00f8re det nemt at bruge vores tjenester, og at dem vi kommunikerer opfattes som relevante<\/p><\/td><\/tr><tr><td><p>For at kunne h\u00e5ndtere kundeservicesager.<\/p><p>\u00a0<\/p><p>Kommunikere med dig som bruger af vores tjenester og besvare sp\u00f8rgsm\u00e5l.<\/p><p>\u00a0<\/p><p>Unders\u00f8g klager eller supportproblemer (herunder teknisk support).<\/p><p>\u00a0<\/p><\/td><td><p>At opfylde aftaler, som du er part i.<\/p><p>Interesseafvejning, hvorved vores legitime interesse er at kunne yde effektiv support til vores brugere og abonnenter<\/p><\/td><\/tr><tr><td><p>\u00d8konomistyring, regnskab og rapportering.\u00a0<\/p><p>Vi bruger ogs\u00e5 din k\u00f8b eller transaktioner til vores regnskab og rapportering<\/p><\/td><td><p>For at opfylde juridiske forpligtelser<\/p><\/td><\/tr><\/tbody><\/table><p>\u00a0<\/p><p><b>HVOR L\u00c6NGE OPBEVARER VI DINE PERSONOPLYSNINGER?<\/b><\/p><p>Vi gemmer dine personoplysninger, s\u00e5 l\u00e6nge de er n\u00f8dvendige til de ovenfor anf\u00f8rte form\u00e5l, og s\u00e5 l\u00e6nge du er kunde, eller s\u00e5 l\u00e6nge de skal gemmes p\u00e5 grund af lovkrav, hvorefter dataene fjernes eller afidentificeres. Oplysninger \u00e6ldre end 3 \u00e5r bruges ikke til markedsf\u00f8ringsform\u00e5l.<\/p><p>\u00a0<\/p><p>\u00a0<\/p><p><b>HVEM KAN VI DELE DINE PERSONOPLYSNINGER MED?<\/b><\/p><p>Dine personoplysninger kan blive delt med andre virksomheder, der udf\u00f8rer tjenester p\u00e5 vores vegne, for eksempel analyse, distribution eller andre tjenester for at opfylde den aftale, som du er part i.\u00a0<\/p><p>Vi vil ikke dele, s\u00e6lge, overf\u00f8re eller p\u00e5 anden m\u00e5de videregive personlige oplysninger ud over, hvad der er angivet i denne privatlivspolitik, medmindre vi er forpligtet til at g\u00f8re det som f\u00f8lge af en retskendelse, eller hvis vi har indhentet dit samtykke til en s\u00e5dan videregivelse. Hvis der er mistanke om, at du har beg\u00e5et kriminalitet i forbindelse med brugen af hjemmesiden og dens tjenester, kan oplysninger efter anmodning videregives til myndigheder. Dette udelukker ikke, at vi kan bruge persondatabehandlere, som behandler personoplysninger p\u00e5 vores vegne i henhold til skriftlige persondatabehandleraftaler og vores instrukser. Persondatabehandlere, der f\u00e5r adgang til dine personoplysninger (f.eks. n\u00e5r vi bruger en tredjepart til at udf\u00f8re betalingstransaktioner eller gemme oplysninger p\u00e5 en server), gives ingen ret til at bruge dine personoplysninger til andre form\u00e5l end de form\u00e5l, der er angivet i denne persondatapolitik. <\/p><p>\u00a0<\/p><p>\u00a0<\/p><p><b>Mailchimp (e-mail-tjeneste)<\/b><\/p><p>Mailchimp, (The Rocket Science Group, LLC, 675 Ponce de Leon Ave NE, Suite 5000, Atlanta, Georgia 30308. USA) er et v\u00e6rkt\u00f8j, som vi bruger til at udsende vigtige beskeder til vores kunder og partnere, men som ogs\u00e5 bruges til at sende udsende markedsf\u00f8ringsinformation til potentielle kunder. N\u00e5r du giver os dine kontaktoplysninger, gemmer vi dem i denne tjeneste for at sende dig vigtige oplysninger og\/eller markedsf\u00f8ringsoplysninger.<\/p><p>\u00a0<\/p><p>\u00a0<\/p><p><b>Oderland (hosting service)<\/b><\/p><p>Vi bruger Oderland Webbhotell AB, \u00d6stra Hamngatan 50B, 411 09 G\u00f6teborg. Org. nr. 556680-8746 som udbyder af hostingtjenester til vores kunder. N\u00e5r vi har modtaget dine kontaktoplysninger, vil udvalgte dele ogs\u00e5 blive gemt p\u00e5 din konto hos Oderland for tjenestens funktionalitet.<\/p><p>\u00a0<\/p><p>\u00a0<\/p><p><b>DINE RETTIGHEDER<\/b><\/p><p>I henhold til EU&#039;s databeskyttelseslovgivning har du som bruger visse lovbestemte rettigheder i forhold til de personoplysninger, vi behandler om dig. Du har ret til indsigt i dine personoplysninger, ret til rettelse og sletning samt ret til at g\u00f8re indsigelse mod behandling, for eksempel direkte markedsf\u00f8ring. Du har ogs\u00e5 ret til at klage til den nationale databeskyttelsesmyndighed, Datainspektionen.<\/p>\t\t\t\t\t\t<\/div>\n\t\t\t\t<\/div>\n\t\t\t\t<div class=\"elementor-element elementor-element-73a9a47 elementor-widget elementor-widget-text-editor\" data-id=\"73a9a47\" data-element_type=\"widget\" data-widget_type=\"text-editor.default\">\n\t\t\t\t<div class=\"elementor-widget-container\">\n\t\t\t\t\t\t\t<h3>COOKIES<\/h3><p><b>\u00a0<\/b><\/p><p><b>HVAD ER COOKIES?<\/b><\/p><p>Hjemmesiden og dens tjenester bruger s\u00e5kaldte &quot;cookies&quot;. Cookies er sm\u00e5 tekstfiler, som gemmes p\u00e5 din harddisk via din browser. De gemmer s\u00e6rlige oplysninger (f.eks. dine standardsprogindstillinger eller sideindstillinger), som din browser kan returnere til os, n\u00e6ste gang du bes\u00f8ger vores hjemmeside (afh\u00e6ngigt af cookiens levetid).<\/p><p><b>\u00a0<\/b><\/p><p><b>HVILKE COOKIES BRUGER VI?<\/b><\/p><p>Vi bruger to kategorier af cookies: cookies, der er n\u00f8dvendige af tekniske \u00e5rsager, uden hvilke hjemmesidens funktionalitet er begr\u00e6nset, og valgfri cookies.<\/p><p><b>\u00a0<\/b><\/p><p><b>DU KAN DEAKTIVERE COOKIES<\/b><\/p><p>Du kan naturligvis bruge vores hjemmeside, uden at der overhovedet er aktiveret cookies (herunder cookies af tekniske \u00e5rsager). I din browser kan du til enhver tid begr\u00e6nse eller deaktivere brugen af cookies. Dette kan dog have en negativ indvirkning p\u00e5 vores hjemmesides funktionalitet og brugervenlighed.<\/p><p><b>\u00a0<\/b><\/p><p><b>TJENESTER, DER BRUGER COOKIES:<\/b><\/p><p><b>Sociale plugins<\/b><\/p><p>N\u00e5r du bruger hjemmesiden og dens tjenester, kan du blive tilbudt at dele information fra hjemmesiden og dens tjenester p\u00e5 sociale medier, som f.eks. Facebook, LinkedIn eller Twitter, via et implementeret socialt plug-in (s\u00e5som en like-knap). Hvis du v\u00e6lger at dele oplysninger via et socialt plug-in, vil din browser overf\u00f8re f\u00f8lgende data til det sociale medie:<\/p><ul><li>dato og tidspunkt for dit bes\u00f8g<\/li><li>Internetadressen\/URL&#039;en p\u00e5 den adresse, du bes\u00f8ger i \u00f8jeblikket<\/li><li>din IP-adresse<\/li><li>hvilken browser du brugte<\/li><li>hvilket styresystem du brugte<\/li><li>dit brugernavn, hvis du er en registreret bruger af det sociale medie og i givet fald dit for- og efternavn<\/li><li>hvis du bruger et plug-in, de oplysninger, som du brugte det specifikke plug-in til.<\/li><\/ul><p>Bem\u00e6rk venligst, at vi ikke har indflydelse p\u00e5 den information, som sociale medier indsamler ved hj\u00e6lp af plugins. Med hensyn til s\u00e5danne oplysninger henviser vi til vilk\u00e5rene og betingelserne for de respektive sociale medier. Vi opfordrer dig til at holde dig orienteret om form\u00e5let med og omfanget af den indsamling af data, der foreg\u00e5r gennem sociale plugins. Du kan blokere sociale plugins i dine browserindstillinger.<\/p><p><b>\u00a0<\/b><\/p><p><b>Hotjar (webanalyse)<\/b><\/p><p>Vores websted og dets tjenester bruger Hotjar, en analysetjeneste leveret af Hotjar Ltd, Level 2, St Julians Business Centre, 3, Elia Zammit Street St Julians STJ 1000, Malta, Europa, +1 (855) 464-6788 (&quot;Hotjar&quot; ). Baseret p\u00e5 dit samtykke vil Hotjar analysere din brug af vores hjemmeside og dens tjenester p\u00e5 vores vegne. De oplysninger, som Hotjar indsamler, n\u00e5r du bruger hjemmesiden og dens tjenester (f.eks. den henvisende URL, hvilke websider du har bes\u00f8gt, din type browser, dine sprogindstillinger, dit operativsystem, din sk\u00e6rmopl\u00f8sning) vil blive overf\u00f8rt til en af Hotjars servere inden for EU, hvor de opbevares og analyseres; De respektive resultater vil derefter v\u00e6re tilg\u00e6ngelige for os i anonymiseret form. I denne proces vil brugerdata ikke blive knyttet til din fulde IP-adresse. Du kan til enhver tid tilbagekalde dit samtykke til webanalyse ved at afmelde dig p\u00e5 Hotjar-webstedet, <a href=\"https:\/\/www.hotjar.com\/opt-out\">https:\/\/www.hotjar.com\/opt-out<\/a>. For yderligere information om Hotjar:<a href=\"https:\/\/www.hotjar.com\/terms\"> Hotjar Servicevilk\u00e5r<\/a>, <a href=\"https:\/\/www.hotjar.com\/privacy\">Hotjars privatlivspolitik<\/a>.<\/p><p><b>\u00a0<\/b><\/p><p><b>Google Analytics (webanalyse)<\/b><\/p><p>Vores websted og dets tjenester bruger Google Analytics fra Google Inc., 1600 Amphitheatre Parkway, Mountain View, CA 94043, USA (&quot;Google&quot;). Baseret p\u00e5 dit samtykke vil Google analysere din brug af vores websted og dets tjenester p\u00e5 vores vegne. Til dette bruger vi blandt andet Cookies. De oplysninger, som Google indsamler, n\u00e5r du bruger vores hjemmeside (f.eks. den henvisende URL, hvilke websteder du har bes\u00f8gt, din browsertype, dine sprogindstillinger, dit operativsystem, din sk\u00e6rmopl\u00f8sning) vil blive overf\u00f8rt til en af Googles servere i USA, hvor de opbevares og analyseres; De respektive resultater vil derefter v\u00e6re tilg\u00e6ngelige for os i anonymiseret form. For yderligere oplysninger om Google Analytics og Google Tag Manager:<a href=\"https:\/\/www.google.com\/analytics\/terms\/us.html\"> Servicevilk\u00e5r for Google Analytics<\/a>,<a href=\"https:\/\/support.google.com\/analytics\/answer\/6004245?hl=en\"> Google Analytics sikkerheds- og privatlivsprincipper<\/a>,<a href=\"https:\/\/www.google.com\/analytics\/tag-manager\/use-policy\/\"> Servicevilk\u00e5r for Google Tag Manager<\/a>, og<a href=\"https:\/\/www.google.com\/policies\/privacy\/\"> Googles privatlivspolitik.<\/a><\/p><h3>\u00a0<\/h3><h3>\u00a0<\/h3><h3>KONTAKT<\/h3><p>Hvis du har problemer, sp\u00f8rgsm\u00e5l eller forslag, er du velkommen til at kontakte os. Hvis du \u00f8nsker at ud\u00f8ve nogen af dine lovbestemte rettigheder, bedes du sende en skriftlig og personligt underskrevet anmodning til nedenst\u00e5ende adresse.<\/p><p><strong>We Love Feedback AB (Responsr)<\/strong><\/p><p>Jonas Malmberg<br \/><span class=\"LrzXr\">Gamletulsgatan 12<br \/><\/span><span class=\"LrzXr\">302 27 Halmstad<br \/><\/span><\/p><p>Telefon: +46 35 100 330<br \/>E-mail: <a href=\"mailto:hello@responsr.se\">hej@responsr.se<\/a><\/p>\t\t\t\t\t\t<\/div>\n\t\t\t\t<\/div>\n\t\t\t\t\t<\/div>\n\t\t<\/div>\n\t\t\t\t\t<\/div>\n\t\t<\/section>\n\t\t\t\t<\/div>","protected":false},"excerpt":{"rendered":"<p>Persondatapolitik Form\u00e5let med denne politik er at skabe sikkerhed og give dig detaljeret information om, hvordan vi h\u00e5ndterer dine persondata, n\u00e5r du bruger vores tjenester. I den f\u00f8lgende tekst beskriver vi, hvordan data h\u00e5ndteres, gemmes, slettes og hvilke rettigheder du har. GDPR HVAD ER PERSONOPLYSNINGER? Personoplysninger er oplysninger, der direkte eller indirekte kan [...]<\/p>","protected":false},"author":1,"featured_media":0,"parent":0,"menu_order":0,"comment_status":"closed","ping_status":"closed","template":"","meta":{"_seopress_robots_primary_cat":"","_seopress_titles_title":"Integritetspolicy","_seopress_titles_desc":"V\u00e5r integritetspolicy","_seopress_robots_index":"","inline_featured_image":false,"footnotes":""},"class_list":["post-2663","page","type-page","status-publish","hentry"],"_links":{"self":[{"href":"https:\/\/responsr.io\/da\/wp-json\/wp\/v2\/pages\/2663"}],"collection":[{"href":"https:\/\/responsr.io\/da\/wp-json\/wp\/v2\/pages"}],"about":[{"href":"https:\/\/responsr.io\/da\/wp-json\/wp\/v2\/types\/page"}],"author":[{"embeddable":true,"href":"https:\/\/responsr.io\/da\/wp-json\/wp\/v2\/users\/1"}],"replies":[{"embeddable":true,"href":"https:\/\/responsr.io\/da\/wp-json\/wp\/v2\/comments?post=2663"}],"version-history":[{"count":0,"href":"https:\/\/responsr.io\/da\/wp-json\/wp\/v2\/pages\/2663\/revisions"}],"wp:attachment":[{"href":"https:\/\/responsr.io\/da\/wp-json\/wp\/v2\/media?parent=2663"}],"curies":[{"name":"wp","href":"https:\/\/api.w.org\/{rel}","templated":true}]}}