{"id":6327,"date":"2021-12-22T10:24:07","date_gmt":"2021-12-22T09:24:07","guid":{"rendered":"https:\/\/responsr.io\/?page_id=6327"},"modified":"2023-04-29T12:29:41","modified_gmt":"2023-04-29T10:29:41","slug":"apps-techstar","status":"publish","type":"page","link":"https:\/\/responsr.io\/da\/apps-techstar\/","title":{"rendered":"L\u00f8bende G\u00e6steanalyse med Techstar"},"content":{"rendered":"<div data-elementor-type=\"wp-page\" data-elementor-id=\"6327\" class=\"elementor elementor-6327\" data-elementor-post-type=\"page\">\n\t\t\t\t\t\t<section class=\"elementor-section elementor-top-section elementor-element elementor-element-6aa962a elementor-section-full_width elementor-section-height-min-height elementor-section-height-default elementor-section-items-middle\" data-id=\"6aa962a\" data-element_type=\"section\" data-settings=\"{&quot;background_background&quot;:&quot;classic&quot;,&quot;background_motion_fx_motion_fx_scrolling&quot;:&quot;yes&quot;,&quot;background_motion_fx_blur_effect&quot;:&quot;yes&quot;,&quot;background_motion_fx_blur_level&quot;:{&quot;unit&quot;:&quot;px&quot;,&quot;size&quot;:2,&quot;sizes&quot;:[]},&quot;background_motion_fx_blur_range&quot;:{&quot;unit&quot;:&quot;%&quot;,&quot;size&quot;:&quot;&quot;,&quot;sizes&quot;:{&quot;start&quot;:50,&quot;end&quot;:100}},&quot;background_motion_fx_scale_effect&quot;:&quot;yes&quot;,&quot;background_motion_fx_blur_direction&quot;:&quot;out-in&quot;,&quot;background_motion_fx_scale_direction&quot;:&quot;out-in&quot;,&quot;background_motion_fx_scale_speed&quot;:{&quot;unit&quot;:&quot;px&quot;,&quot;size&quot;:4,&quot;sizes&quot;:[]},&quot;background_motion_fx_scale_range&quot;:{&quot;unit&quot;:&quot;%&quot;,&quot;size&quot;:&quot;&quot;,&quot;sizes&quot;:{&quot;start&quot;:20,&quot;end&quot;:80}},&quot;background_motion_fx_devices&quot;:[&quot;desktop&quot;,&quot;tablet&quot;,&quot;mobile&quot;]}\">\n\t\t\t\t\t\t\t<div class=\"elementor-background-overlay\"><\/div>\n\t\t\t\t\t\t\t<div class=\"elementor-container elementor-column-gap-default\">\n\t\t\t\t\t<div class=\"elementor-column elementor-col-100 elementor-top-column elementor-element elementor-element-11973e3\" data-id=\"11973e3\" data-element_type=\"column\" data-settings=\"{&quot;background_background&quot;:&quot;classic&quot;}\">\n\t\t\t<div class=\"elementor-widget-wrap elementor-element-populated\">\n\t\t\t\t\t\t<div class=\"elementor-element elementor-element-5720c46 elementor-widget elementor-widget-heading\" data-id=\"5720c46\" data-element_type=\"widget\" data-widget_type=\"heading.default\">\n\t\t\t\t<div class=\"elementor-widget-container\">\n\t\t\t<h1 class=\"elementor-heading-title elementor-size-default\">L\u00f8bende G\u00e6steanalyse med Techstar<\/h1>\t\t<\/div>\n\t\t\t\t<\/div>\n\t\t\t\t<div class=\"elementor-element elementor-element-b4d8814 elementor-widget elementor-widget-spacer\" data-id=\"b4d8814\" data-element_type=\"widget\" data-widget_type=\"spacer.default\">\n\t\t\t\t<div class=\"elementor-widget-container\">\n\t\t\t\t\t<div class=\"elementor-spacer\">\n\t\t\t<div class=\"elementor-spacer-inner\"><\/div>\n\t\t<\/div>\n\t\t\t\t<\/div>\n\t\t\t\t<\/div>\n\t\t\t\t<div class=\"elementor-element elementor-element-fe98445 elementor-widget elementor-widget-image\" data-id=\"fe98445\" data-element_type=\"widget\" data-widget_type=\"image.default\">\n\t\t\t\t<div class=\"elementor-widget-container\">\n\t\t\t\t\t\t\t\t\t\t\t\t\t<img fetchpriority=\"high\" decoding=\"async\" width=\"800\" height=\"800\" src=\"https:\/\/responsr.io\/wp-content\/uploads\/2021\/08\/stripe-wall-1500x200-1.svg\" class=\"attachment-large size-large wp-image-6206\" alt=\"\" \/>\t\t\t\t\t\t\t\t\t\t\t\t\t<\/div>\n\t\t\t\t<\/div>\n\t\t\t\t\t<\/div>\n\t\t<\/div>\n\t\t\t\t\t<\/div>\n\t\t<\/section>\n\t\t\t\t<section class=\"elementor-section elementor-top-section elementor-element elementor-element-994f558 elementor-section-boxed elementor-section-height-default elementor-section-height-default elementor-invisible\" data-id=\"994f558\" data-element_type=\"section\" data-settings=\"{&quot;animation&quot;:&quot;fadeInUp&quot;,&quot;background_background&quot;:&quot;classic&quot;}\">\n\t\t\t\t\t\t<div class=\"elementor-container elementor-column-gap-default\">\n\t\t\t\t\t<div class=\"elementor-column elementor-col-50 elementor-top-column elementor-element elementor-element-1a3d66f\" data-id=\"1a3d66f\" data-element_type=\"column\" data-settings=\"{&quot;background_background&quot;:&quot;classic&quot;}\">\n\t\t\t<div class=\"elementor-widget-wrap elementor-element-populated\">\n\t\t\t\t\t\t<div class=\"elementor-element elementor-element-c6e5b42 elementor-widget elementor-widget-heading\" data-id=\"c6e5b42\" data-element_type=\"widget\" data-widget_type=\"heading.default\">\n\t\t\t\t<div class=\"elementor-widget-container\">\n\t\t\t<h2 class=\"elementor-heading-title elementor-size-default\">G\u00e6steanalyse<\/h2>\t\t<\/div>\n\t\t\t\t<\/div>\n\t\t\t\t<div class=\"elementor-element elementor-element-436766f elementor-widget elementor-widget-text-editor\" data-id=\"436766f\" data-element_type=\"widget\" data-widget_type=\"text-editor.default\">\n\t\t\t\t<div class=\"elementor-widget-container\">\n\t\t\t\t\t\t\t<b>Loyale g\u00e6ster er vigtigt bestanddel i markedsf\u00f8ringen for attraktioner og sev\u00e6rdigheder. Jeres mest loyale g\u00e6ster vil post\u2019e billeder fra deres bes\u00f8g til Instagram, de vil anbefale deres venner til at bes\u00f8ge jer og styrke jeres brand hos TripAdvisor. Dette er mere v\u00e6rdifuldt end noget marketing I kan k\u00f8be.<\/b>\n\nG\u00e6stefeedback vil give dig indsigt i dine styrker og svagheder. Hvad siger de allerede om dig? Med TechStar og Responsr kan du finde ud af, hvem der er dine brandambassad\u00f8rer og arbejde proaktivt med dit brand gennem g\u00e6steoplevelsen. Responsr bruger NPS\u00ae-metodologi, der har vist sig at g\u00f8re underv\u00e6rker inden for g\u00e6steoplevelse.\t\t\t\t\t\t<\/div>\n\t\t\t\t<\/div>\n\t\t\t\t\t<\/div>\n\t\t<\/div>\n\t\t\t\t<div class=\"elementor-column elementor-col-50 elementor-top-column elementor-element elementor-element-f0aa2b1\" data-id=\"f0aa2b1\" data-element_type=\"column\" data-settings=\"{&quot;background_background&quot;:&quot;classic&quot;}\">\n\t\t\t<div class=\"elementor-widget-wrap elementor-element-populated\">\n\t\t\t\t\t\t<div class=\"elementor-element elementor-element-f2cda95 elementor-widget elementor-widget-heading\" data-id=\"f2cda95\" data-element_type=\"widget\" data-widget_type=\"heading.default\">\n\t\t\t\t<div class=\"elementor-widget-container\">\n\t\t\t<h3 class=\"elementor-heading-title elementor-size-default\">Automatisk med TechStar<\/h3>\t\t<\/div>\n\t\t\t\t<\/div>\n\t\t\t\t<div class=\"elementor-element elementor-element-5997850 elementor-mobile-align-center ga_try_30 elementor-align-center elementor-widget elementor-widget-button\" data-id=\"5997850\" data-element_type=\"widget\" data-settings=\"{&quot;_animation&quot;:&quot;none&quot;}\" data-widget_type=\"button.default\">\n\t\t\t\t<div class=\"elementor-widget-container\">\n\t\t\t\t\t<div class=\"elementor-button-wrapper\">\n\t\t\t<a class=\"elementor-button elementor-button-link elementor-size-lg\" href=\"https:\/\/app.responsr.io\/Onboarding\/#?install=Event_Techstar\" target=\"_blank\">\n\t\t\t\t\t\t<span class=\"elementor-button-content-wrapper\">\n\t\t\t\t\t\t<span class=\"elementor-button-icon\">\n\t\t\t\t<i aria-hidden=\"true\" class=\"fas fa-caret-right\"><\/i>\t\t\t<\/span>\n\t\t\t\t\t\t\t\t\t<span class=\"elementor-button-text\">Gratis tilmelding<\/span>\n\t\t\t\t\t<\/span>\n\t\t\t\t\t<\/a>\n\t\t<\/div>\n\t\t\t\t<\/div>\n\t\t\t\t<\/div>\n\t\t\t\t<section class=\"elementor-section elementor-inner-section elementor-element elementor-element-fcb0008 elementor-section-boxed elementor-section-height-default elementor-section-height-default\" data-id=\"fcb0008\" data-element_type=\"section\">\n\t\t\t\t\t\t<div class=\"elementor-container elementor-column-gap-default\">\n\t\t\t\t\t<div class=\"elementor-column elementor-col-50 elementor-inner-column elementor-element elementor-element-5cd32d6\" data-id=\"5cd32d6\" data-element_type=\"column\">\n\t\t\t<div class=\"elementor-widget-wrap elementor-element-populated\">\n\t\t\t\t\t\t<div class=\"elementor-element elementor-element-bb35aea elementor-widget elementor-widget-image\" data-id=\"bb35aea\" data-element_type=\"widget\" data-widget_type=\"image.default\">\n\t\t\t\t<div class=\"elementor-widget-container\">\n\t\t\t\t\t\t\t\t\t\t\t\t\t<img decoding=\"async\" width=\"300\" height=\"190\" src=\"https:\/\/responsr.io\/wp-content\/uploads\/2021\/08\/screenshot1-300x190.png\" class=\"attachment-medium size-medium wp-image-6239\" alt=\"\" srcset=\"https:\/\/responsr.io\/wp-content\/uploads\/2021\/08\/screenshot1-300x190.png 300w, https:\/\/responsr.io\/wp-content\/uploads\/2021\/08\/screenshot1-1024x648.png 1024w, https:\/\/responsr.io\/wp-content\/uploads\/2021\/08\/screenshot1-768x486.png 768w, https:\/\/responsr.io\/wp-content\/uploads\/2021\/08\/screenshot1-1536x972.png 1536w, https:\/\/responsr.io\/wp-content\/uploads\/2021\/08\/screenshot1-16x10.png 16w, https:\/\/responsr.io\/wp-content\/uploads\/2021\/08\/screenshot1.png 1896w\" sizes=\"(max-width: 300px) 100vw, 300px\" \/>\t\t\t\t\t\t\t\t\t\t\t\t\t<\/div>\n\t\t\t\t<\/div>\n\t\t\t\t\t<\/div>\n\t\t<\/div>\n\t\t\t\t<div class=\"elementor-column elementor-col-50 elementor-inner-column elementor-element elementor-element-4bc740c\" data-id=\"4bc740c\" data-element_type=\"column\">\n\t\t\t<div class=\"elementor-widget-wrap elementor-element-populated\">\n\t\t\t\t\t\t<div class=\"elementor-element elementor-element-48e058f elementor-widget elementor-widget-image\" data-id=\"48e058f\" data-element_type=\"widget\" data-widget_type=\"image.default\">\n\t\t\t\t<div class=\"elementor-widget-container\">\n\t\t\t\t\t\t\t\t\t\t\t\t\t<img decoding=\"async\" width=\"300\" height=\"178\" src=\"https:\/\/responsr.io\/wp-content\/uploads\/2021\/08\/screenshot2-300x178.png\" class=\"attachment-medium size-medium wp-image-6240\" alt=\"Feedbackindbakke for at svare p\u00e5 kundefeedback\" srcset=\"https:\/\/responsr.io\/wp-content\/uploads\/2021\/08\/screenshot2-300x178.png 300w, https:\/\/responsr.io\/wp-content\/uploads\/2021\/08\/screenshot2-1024x609.png 1024w, https:\/\/responsr.io\/wp-content\/uploads\/2021\/08\/screenshot2-768x456.png 768w, https:\/\/responsr.io\/wp-content\/uploads\/2021\/08\/screenshot2-1536x913.png 1536w, https:\/\/responsr.io\/wp-content\/uploads\/2021\/08\/screenshot2-16x10.png 16w, https:\/\/responsr.io\/wp-content\/uploads\/2021\/08\/screenshot2.png 1920w\" sizes=\"(max-width: 300px) 100vw, 300px\" \/>\t\t\t\t\t\t\t\t\t\t\t\t\t<\/div>\n\t\t\t\t<\/div>\n\t\t\t\t\t<\/div>\n\t\t<\/div>\n\t\t\t\t\t<\/div>\n\t\t<\/section>\n\t\t\t\t\t<\/div>\n\t\t<\/div>\n\t\t\t\t\t<\/div>\n\t\t<\/section>\n\t\t\t\t<section class=\"elementor-section elementor-top-section elementor-element elementor-element-615edd0 elementor-section-boxed elementor-section-height-default elementor-section-height-default elementor-invisible\" data-id=\"615edd0\" data-element_type=\"section\" data-settings=\"{&quot;animation&quot;:&quot;fadeInUp&quot;,&quot;background_background&quot;:&quot;classic&quot;,&quot;animation_tablet&quot;:&quot;none&quot;}\">\n\t\t\t\t\t\t<div class=\"elementor-container elementor-column-gap-default\">\n\t\t\t\t\t<div class=\"elementor-column elementor-col-33 elementor-top-column elementor-element elementor-element-2bb5725\" data-id=\"2bb5725\" data-element_type=\"column\" data-settings=\"{&quot;animation&quot;:&quot;none&quot;,&quot;animation_mobile&quot;:&quot;fadeInUp&quot;,&quot;animation_tablet&quot;:&quot;fadeInUp&quot;}\">\n\t\t\t<div class=\"elementor-widget-wrap elementor-element-populated\">\n\t\t\t\t\t\t<div class=\"elementor-element elementor-element-4b29ce7 elementor-widget elementor-widget-heading\" data-id=\"4b29ce7\" data-element_type=\"widget\" data-widget_type=\"heading.default\">\n\t\t\t\t<div class=\"elementor-widget-container\">\n\t\t\t<h4 class=\"elementor-heading-title elementor-size-default\">Start p\u00e5 f\u00e5 minutter<\/h4>\t\t<\/div>\n\t\t\t\t<\/div>\n\t\t\t\t<div class=\"elementor-element elementor-element-736e456 elementor-widget elementor-widget-text-editor\" data-id=\"736e456\" data-element_type=\"widget\" data-widget_type=\"text-editor.default\">\n\t\t\t\t<div class=\"elementor-widget-container\">\n\t\t\t\t\t\t\t<p>Registrer jer til en gratis pr\u00f8veperiode og f\u00e5 kunde- tilbagemelding med det samme.<\/p><p>Du vil modtage indsigt fra dine g\u00e6ster allerede i morgen.<\/p>\t\t\t\t\t\t<\/div>\n\t\t\t\t<\/div>\n\t\t\t\t<div class=\"elementor-element elementor-element-6376538 elementor-mobile-align-center ga_try_30 elementor-align-center elementor-widget elementor-widget-button\" data-id=\"6376538\" data-element_type=\"widget\" data-settings=\"{&quot;_animation&quot;:&quot;none&quot;}\" data-widget_type=\"button.default\">\n\t\t\t\t<div class=\"elementor-widget-container\">\n\t\t\t\t\t<div class=\"elementor-button-wrapper\">\n\t\t\t<a class=\"elementor-button elementor-button-link elementor-size-lg\" href=\"https:\/\/app.responsr.io\/Onboarding\/#?install=Event_Techstar\" target=\"_blank\">\n\t\t\t\t\t\t<span class=\"elementor-button-content-wrapper\">\n\t\t\t\t\t\t<span class=\"elementor-button-icon\">\n\t\t\t\t<i aria-hidden=\"true\" class=\"fas fa-caret-right\"><\/i>\t\t\t<\/span>\n\t\t\t\t\t\t\t\t\t<span class=\"elementor-button-text\">Gratis tilmelding<\/span>\n\t\t\t\t\t<\/span>\n\t\t\t\t\t<\/a>\n\t\t<\/div>\n\t\t\t\t<\/div>\n\t\t\t\t<\/div>\n\t\t\t\t\t<\/div>\n\t\t<\/div>\n\t\t\t\t<div class=\"elementor-column elementor-col-33 elementor-top-column elementor-element elementor-element-e8e1dc2\" data-id=\"e8e1dc2\" data-element_type=\"column\" data-settings=\"{&quot;animation&quot;:&quot;none&quot;,&quot;animation_mobile&quot;:&quot;fadeInUp&quot;,&quot;animation_tablet&quot;:&quot;fadeInUp&quot;}\">\n\t\t\t<div class=\"elementor-widget-wrap elementor-element-populated\">\n\t\t\t\t\t\t<div class=\"elementor-element elementor-element-a733578 elementor-widget elementor-widget-heading\" data-id=\"a733578\" data-element_type=\"widget\" data-widget_type=\"heading.default\">\n\t\t\t\t<div class=\"elementor-widget-container\">\n\t\t\t<h4 class=\"elementor-heading-title elementor-size-default\">Negative anmeldelser?<\/h4>\t\t<\/div>\n\t\t\t\t<\/div>\n\t\t\t\t<div class=\"elementor-element elementor-element-d92ea9b elementor-widget elementor-widget-text-editor\" data-id=\"d92ea9b\" data-element_type=\"widget\" data-widget_type=\"text-editor.default\">\n\t\t\t\t<div class=\"elementor-widget-container\">\n\t\t\t\t\t\t\t<p>V\u00e6r forud for negative tilbagemeldinger fra g\u00e6sterne, ved at l\u00f8se udfordringer f\u00f8r de bliver opslag p\u00e5 TripAdvisor eller TrustPilot.<\/p><p>L\u00f8s udfordringer proaktivt ved at kontakte g\u00e6ster med en d\u00e5rlig oplevelse.\u00a0<\/p>\t\t\t\t\t\t<\/div>\n\t\t\t\t<\/div>\n\t\t\t\t\t<\/div>\n\t\t<\/div>\n\t\t\t\t<div class=\"elementor-column elementor-col-33 elementor-top-column elementor-element elementor-element-1f350bc\" data-id=\"1f350bc\" data-element_type=\"column\" data-settings=\"{&quot;animation&quot;:&quot;none&quot;,&quot;animation_mobile&quot;:&quot;fadeInUp&quot;,&quot;animation_tablet&quot;:&quot;fadeInUp&quot;}\">\n\t\t\t<div class=\"elementor-widget-wrap elementor-element-populated\">\n\t\t\t\t\t\t<div class=\"elementor-element elementor-element-c86a502 elementor-widget elementor-widget-heading\" data-id=\"c86a502\" data-element_type=\"widget\" data-widget_type=\"heading.default\">\n\t\t\t\t<div class=\"elementor-widget-container\">\n\t\t\t<h4 class=\"elementor-heading-title elementor-size-default\">Loyale kunder<\/h4>\t\t<\/div>\n\t\t\t\t<\/div>\n\t\t\t\t<div class=\"elementor-element elementor-element-473c95b elementor-widget elementor-widget-text-editor\" data-id=\"473c95b\" data-element_type=\"widget\" data-widget_type=\"text-editor.default\">\n\t\t\t\t<div class=\"elementor-widget-container\">\n\t\t\t\t\t\t\t<p>Jeres loyale g\u00e6ster er jeres bedste marketing kanal. Bed dem sprede budskabet p\u00e5 TripAdvisor og til deres venner i SoMe.\u00a0<\/p><p>Brug positive tilbagemeldinger som en del af jeres storytelling.<\/p>\t\t\t\t\t\t<\/div>\n\t\t\t\t<\/div>\n\t\t\t\t\t<\/div>\n\t\t<\/div>\n\t\t\t\t\t<\/div>\n\t\t<\/section>\n\t\t\t\t<section class=\"elementor-section elementor-top-section elementor-element elementor-element-6bf08a7 elementor-section-boxed elementor-section-height-default elementor-section-height-default elementor-invisible\" data-id=\"6bf08a7\" data-element_type=\"section\" data-settings=\"{&quot;background_background&quot;:&quot;classic&quot;,&quot;animation_tablet&quot;:&quot;none&quot;,&quot;shape_divider_bottom&quot;:&quot;arrow&quot;,&quot;shape_divider_bottom_negative&quot;:&quot;yes&quot;,&quot;animation&quot;:&quot;fadeInUp&quot;}\">\n\t\t\t\t\t<div class=\"elementor-shape elementor-shape-bottom\" data-negative=\"true\">\n\t\t\t<svg xmlns=\"http:\/\/www.w3.org\/2000\/svg\" viewbox=\"0 0 700 10\" preserveaspectratio=\"none\">\n\t<path class=\"elementor-shape-fill\" d=\"M360 0L350 9.9 340 0 0 0 0 10 700 10 700 0\"\/>\n<\/svg>\t\t<\/div>\n\t\t\t\t\t<div class=\"elementor-container elementor-column-gap-default\">\n\t\t\t\t\t<div class=\"elementor-column elementor-col-100 elementor-top-column elementor-element elementor-element-b6ec263 elementor-invisible\" data-id=\"b6ec263\" data-element_type=\"column\" data-settings=\"{&quot;animation&quot;:&quot;fadeInUp&quot;}\">\n\t\t\t<div class=\"elementor-widget-wrap elementor-element-populated\">\n\t\t\t\t\t\t<div class=\"elementor-element elementor-element-8bf9414 elementor-widget elementor-widget-heading\" data-id=\"8bf9414\" data-element_type=\"widget\" data-widget_type=\"heading.default\">\n\t\t\t\t<div class=\"elementor-widget-container\">\n\t\t\t<h4 class=\"elementor-heading-title elementor-size-default\">Vi har gjort det nemt for dig!<\/h4>\t\t<\/div>\n\t\t\t\t<\/div>\n\t\t\t\t<div class=\"elementor-element elementor-element-c1c516f elementor-widget elementor-widget-heading\" data-id=\"c1c516f\" data-element_type=\"widget\" data-widget_type=\"heading.default\">\n\t\t\t\t<div class=\"elementor-widget-container\">\n\t\t\t<h2 class=\"elementor-heading-title elementor-size-default\">Kun to trin til at komme i gang!<\/h2>\t\t<\/div>\n\t\t\t\t<\/div>\n\t\t\t\t\t<\/div>\n\t\t<\/div>\n\t\t\t\t\t<\/div>\n\t\t<\/section>\n\t\t\t\t<section class=\"elementor-section elementor-top-section elementor-element elementor-element-95a4514 elementor-section-boxed elementor-section-height-default elementor-section-height-default elementor-invisible\" data-id=\"95a4514\" data-element_type=\"section\" data-settings=\"{&quot;background_background&quot;:&quot;classic&quot;,&quot;animation_tablet&quot;:&quot;fadeInUp&quot;,&quot;animation&quot;:&quot;fadeInUp&quot;}\">\n\t\t\t\t\t\t<div class=\"elementor-container elementor-column-gap-default\">\n\t\t\t\t\t<div class=\"elementor-column elementor-col-100 elementor-top-column elementor-element elementor-element-7c88ec4\" data-id=\"7c88ec4\" data-element_type=\"column\">\n\t\t\t<div class=\"elementor-widget-wrap elementor-element-populated\">\n\t\t\t\t\t\t<div class=\"elementor-element elementor-element-3b24b4f elementor-widget__width-initial elementor-absolute elementor-invisible elementor-widget elementor-widget-image\" data-id=\"3b24b4f\" data-element_type=\"widget\" data-settings=\"{&quot;_animation&quot;:&quot;zoomIn&quot;,&quot;_animation_delay&quot;:1500,&quot;_position&quot;:&quot;absolute&quot;}\" data-widget_type=\"image.default\">\n\t\t\t\t<div class=\"elementor-widget-container\">\n\t\t\t\t\t\t\t\t\t\t\t\t\t<img loading=\"lazy\" decoding=\"async\" width=\"523\" height=\"359\" src=\"https:\/\/responsr.io\/wp-content\/uploads\/2021\/02\/dialogruta-red5-523x359-1.png\" class=\"attachment-large size-large wp-image-4325\" alt=\"nps-nki-cx-feedback-pulse-unders\u00f8gelse-kundeservice-benchmark\" srcset=\"https:\/\/responsr.io\/wp-content\/uploads\/2021\/02\/dialogruta-red5-523x359-1.png 523w, https:\/\/responsr.io\/wp-content\/uploads\/2021\/02\/dialogruta-red5-523x359-1-300x206.png 300w, https:\/\/responsr.io\/wp-content\/uploads\/2021\/02\/dialogruta-red5-523x359-1-16x12.png 16w\" sizes=\"(max-width: 523px) 100vw, 523px\" \/>\t\t\t\t\t\t\t\t\t\t\t\t\t<\/div>\n\t\t\t\t<\/div>\n\t\t\t\t<div class=\"elementor-element elementor-element-190f6de elementor-widget__width-initial elementor-absolute elementor-invisible elementor-widget elementor-widget-image\" data-id=\"190f6de\" data-element_type=\"widget\" data-settings=\"{&quot;_animation&quot;:&quot;zoomIn&quot;,&quot;_animation_delay&quot;:2000,&quot;_position&quot;:&quot;absolute&quot;}\" data-widget_type=\"image.default\">\n\t\t\t\t<div class=\"elementor-widget-container\">\n\t\t\t\t\t\t\t\t\t\t\t\t\t<img loading=\"lazy\" decoding=\"async\" width=\"523\" height=\"359\" src=\"https:\/\/responsr.io\/wp-content\/uploads\/2021\/02\/dialogruta-green9-523x359-1.png\" class=\"attachment-large size-large wp-image-4331\" alt=\"nps-nki-cx-feedback-pulse-unders\u00f8gelse-kundeservice-benchmark\" srcset=\"https:\/\/responsr.io\/wp-content\/uploads\/2021\/02\/dialogruta-green9-523x359-1.png 523w, https:\/\/responsr.io\/wp-content\/uploads\/2021\/02\/dialogruta-green9-523x359-1-300x206.png 300w, https:\/\/responsr.io\/wp-content\/uploads\/2021\/02\/dialogruta-green9-523x359-1-16x12.png 16w\" sizes=\"(max-width: 523px) 100vw, 523px\" \/>\t\t\t\t\t\t\t\t\t\t\t\t\t<\/div>\n\t\t\t\t<\/div>\n\t\t\t\t<div class=\"elementor-element elementor-element-503eacf elementor-invisible elementor-widget elementor-widget-image\" data-id=\"503eacf\" data-element_type=\"widget\" data-settings=\"{&quot;_animation&quot;:&quot;fadeInUp&quot;}\" data-widget_type=\"image.default\">\n\t\t\t\t<div class=\"elementor-widget-container\">\n\t\t\t\t\t\t\t\t\t\t\t\t\t<img loading=\"lazy\" decoding=\"async\" width=\"800\" height=\"355\" src=\"https:\/\/responsr.io\/wp-content\/uploads\/2021\/01\/hemsida-block-1000x1000-hands-world-1024x454.png\" class=\"attachment-large size-large wp-image-4318\" alt=\"nps-nki-cx-feedback-pulse-unders\u00f8gelse-kundeservice-benchmark\" srcset=\"https:\/\/responsr.io\/wp-content\/uploads\/2021\/01\/hemsida-block-1000x1000-hands-world-1024x454.png 1024w, https:\/\/responsr.io\/wp-content\/uploads\/2021\/01\/hemsida-block-1000x1000-hands-world-300x133.png 300w, https:\/\/responsr.io\/wp-content\/uploads\/2021\/01\/hemsida-block-1000x1000-hands-world-768x340.png 768w, https:\/\/responsr.io\/wp-content\/uploads\/2021\/01\/hemsida-block-1000x1000-hands-world-1536x680.png 1536w, https:\/\/responsr.io\/wp-content\/uploads\/2021\/01\/hemsida-block-1000x1000-hands-world-2048x907.png 2048w, https:\/\/responsr.io\/wp-content\/uploads\/2021\/01\/hemsida-block-1000x1000-hands-world-16x7.png 16w\" sizes=\"(max-width: 800px) 100vw, 800px\" \/>\t\t\t\t\t\t\t\t\t\t\t\t\t<\/div>\n\t\t\t\t<\/div>\n\t\t\t\t<div class=\"elementor-element elementor-element-5d44f87 elementor-widget elementor-widget-spacer\" data-id=\"5d44f87\" data-element_type=\"widget\" data-widget_type=\"spacer.default\">\n\t\t\t\t<div class=\"elementor-widget-container\">\n\t\t\t\t\t<div class=\"elementor-spacer\">\n\t\t\t<div class=\"elementor-spacer-inner\"><\/div>\n\t\t<\/div>\n\t\t\t\t<\/div>\n\t\t\t\t<\/div>\n\t\t\t\t<div class=\"elementor-element elementor-element-82d323d elementor-invisible elementor-widget elementor-widget-heading\" data-id=\"82d323d\" data-element_type=\"widget\" data-settings=\"{&quot;_animation&quot;:&quot;fadeInUp&quot;}\" data-widget_type=\"heading.default\">\n\t\t\t\t<div class=\"elementor-widget-container\">\n\t\t\t<h2 class=\"elementor-heading-title elementor-size-default\">Modtag din kundeindsigt<\/h2>\t\t<\/div>\n\t\t\t\t<\/div>\n\t\t\t\t<div class=\"elementor-element elementor-element-627c304 elementor-widget elementor-widget-text-editor\" data-id=\"627c304\" data-element_type=\"widget\" data-widget_type=\"text-editor.default\">\n\t\t\t\t<div class=\"elementor-widget-container\">\n\t\t\t\t\t\t\t<p style=\"text-align: center;\">Du vil modtage feedback p\u00e5 daglig basis. I gennemsnit vil hver 4 g\u00e6st give indsigtsfuld feedback, der kan hj\u00e6lpe din virksomhed. Du kan f\u00f8lge den dag for dag og vil modtage en ugentlig rapport. Inklusiv benchmark-sammenligning med dine konkurrenter.<\/p><p style=\"text-align: center;\">Det er utroligt ikke?<\/p>\t\t\t\t\t\t<\/div>\n\t\t\t\t<\/div>\n\t\t\t\t<div class=\"elementor-element elementor-element-4e4eb75 elementor-mobile-align-center ga_try_30 elementor-align-center elementor-invisible elementor-widget elementor-widget-button\" data-id=\"4e4eb75\" data-element_type=\"widget\" data-settings=\"{&quot;_animation&quot;:&quot;fadeInUp&quot;}\" data-widget_type=\"button.default\">\n\t\t\t\t<div class=\"elementor-widget-container\">\n\t\t\t\t\t<div class=\"elementor-button-wrapper\">\n\t\t\t<a class=\"elementor-button elementor-button-link elementor-size-lg\" href=\"https:\/\/app.responsr.io\/Onboarding\/#?install=Event_Techstar\" target=\"_blank\">\n\t\t\t\t\t\t<span class=\"elementor-button-content-wrapper\">\n\t\t\t\t\t\t<span class=\"elementor-button-icon\">\n\t\t\t\t<i aria-hidden=\"true\" class=\"fas fa-caret-right\"><\/i>\t\t\t<\/span>\n\t\t\t\t\t\t\t\t\t<span class=\"elementor-button-text\">Gratis tilmelding<\/span>\n\t\t\t\t\t<\/span>\n\t\t\t\t\t<\/a>\n\t\t<\/div>\n\t\t\t\t<\/div>\n\t\t\t\t<\/div>\n\t\t\t\t<div class=\"elementor-element elementor-element-e8530cb elementor-widget elementor-widget-spacer\" data-id=\"e8530cb\" data-element_type=\"widget\" data-widget_type=\"spacer.default\">\n\t\t\t\t<div class=\"elementor-widget-container\">\n\t\t\t\t\t<div class=\"elementor-spacer\">\n\t\t\t<div class=\"elementor-spacer-inner\"><\/div>\n\t\t<\/div>\n\t\t\t\t<\/div>\n\t\t\t\t<\/div>\n\t\t\t\t\t<\/div>\n\t\t<\/div>\n\t\t\t\t\t<\/div>\n\t\t<\/section>\n\t\t\t\t<\/div>","protected":false},"excerpt":{"rendered":"<p>Tiltr\u00e6kningsoplevelse med TechStar G\u00e6steoplevelse Loyale g\u00e6ster er grundlaget for enhver succesfuld markedsf\u00f8ring inden for attraktioner og begivenheder. Dine mest loyale g\u00e6ster vil poste billeder fra deres bes\u00f8g p\u00e5 deres Instagram, de vil anbefale deres venner at bes\u00f8ge dig og styrke dit brand p\u00e5 Tripadvisor. Dette er mere v\u00e6rdifuldt end enhver markedsf\u00f8ring, du kan k\u00f8be. [\u2026]<\/p>","protected":false},"author":11,"featured_media":0,"parent":0,"menu_order":0,"comment_status":"closed","ping_status":"closed","template":"","meta":{"_seopress_robots_primary_cat":"","_seopress_titles_title":"Attaktion oplevelse av TechStar","_seopress_titles_desc":"","_seopress_robots_index":"","inline_featured_image":false,"footnotes":""},"class_list":["post-6327","page","type-page","status-publish","hentry"],"_links":{"self":[{"href":"https:\/\/responsr.io\/da\/wp-json\/wp\/v2\/pages\/6327"}],"collection":[{"href":"https:\/\/responsr.io\/da\/wp-json\/wp\/v2\/pages"}],"about":[{"href":"https:\/\/responsr.io\/da\/wp-json\/wp\/v2\/types\/page"}],"author":[{"embeddable":true,"href":"https:\/\/responsr.io\/da\/wp-json\/wp\/v2\/users\/11"}],"replies":[{"embeddable":true,"href":"https:\/\/responsr.io\/da\/wp-json\/wp\/v2\/comments?post=6327"}],"version-history":[{"count":0,"href":"https:\/\/responsr.io\/da\/wp-json\/wp\/v2\/pages\/6327\/revisions"}],"wp:attachment":[{"href":"https:\/\/responsr.io\/da\/wp-json\/wp\/v2\/media?parent=6327"}],"curies":[{"name":"wp","href":"https:\/\/api.w.org\/{rel}","templated":true}]}}