{"id":6426,"date":"2022-08-26T10:50:06","date_gmt":"2022-08-26T08:50:06","guid":{"rendered":"https:\/\/responsr.io\/?page_id=6426"},"modified":"2023-08-28T16:31:22","modified_gmt":"2023-08-28T14:31:22","slug":"reviews","status":"publish","type":"page","link":"https:\/\/responsr.io\/da\/reviews\/","title":{"rendered":"\u00c6gte kundeanmeldelser"},"content":{"rendered":"<div data-elementor-type=\"wp-page\" data-elementor-id=\"6426\" class=\"elementor elementor-6426\" data-elementor-post-type=\"page\">\n\t\t\t\t\t\t<section class=\"elementor-section elementor-top-section elementor-element elementor-element-5965ca1 elementor-section-boxed elementor-section-height-default elementor-section-height-default\" data-id=\"5965ca1\" data-element_type=\"section\">\n\t\t\t\t\t\t<div class=\"elementor-container elementor-column-gap-default\">\n\t\t\t\t\t<div class=\"elementor-column elementor-col-100 elementor-top-column elementor-element elementor-element-0f83d44\" data-id=\"0f83d44\" data-element_type=\"column\">\n\t\t\t<div class=\"elementor-widget-wrap elementor-element-populated\">\n\t\t\t\t\t\t<div class=\"elementor-element elementor-element-b893921 elementor-widget elementor-widget-heading\" data-id=\"b893921\" data-element_type=\"widget\" data-widget_type=\"heading.default\">\n\t\t\t\t<div class=\"elementor-widget-container\">\n\t\t\t<h2 class=\"elementor-heading-title elementor-size-default\">\u00c6gte kundeanmeldelser<\/h2>\t\t<\/div>\n\t\t\t\t<\/div>\n\t\t\t\t\t<\/div>\n\t\t<\/div>\n\t\t\t\t\t<\/div>\n\t\t<\/section>\n\t\t\t\t<section class=\"elementor-section elementor-top-section elementor-element elementor-element-73f206d7 elementor-section-boxed elementor-section-height-default elementor-section-height-default\" data-id=\"73f206d7\" data-element_type=\"section\">\n\t\t\t\t\t\t<div class=\"elementor-container elementor-column-gap-default\">\n\t\t\t\t\t<div class=\"elementor-column elementor-col-100 elementor-top-column elementor-element elementor-element-21c7f0f8\" data-id=\"21c7f0f8\" data-element_type=\"column\">\n\t\t\t<div class=\"elementor-widget-wrap elementor-element-populated\">\n\t\t\t\t\t\t<div class=\"elementor-element elementor-element-234b1b2a elementor-widget elementor-widget-text-editor\" data-id=\"234b1b2a\" data-element_type=\"widget\" data-widget_type=\"text-editor.default\">\n\t\t\t\t<div class=\"elementor-widget-container\">\n\t\t\t\t\t\t\t<p><!-- wp:paragraph --><\/p>\n<p>Responsr viser kun kundeanmeldelser fra verificerede kunder.<\/p><p>Anmeldelserne indsamles fra kundedata i virksomhedens bookingsystem, supportsystem og kundedatabaser.<\/p><p>Virksomhederne bruger Responsr prim\u00e6rt til at forbedre deres drift og korrigere, hvis der opst\u00e5r problemer. <br>Det er derfor vigtigt, at kun verificerede kunder bliver bedt om at gennemg\u00e5 deres oplevelse. <br>Anmeldelserne bliver derfor ikke udvandet af anmeldelser fra bots, personale eller fra konkurrenter.<br><\/p><p>At vise anmeldelserne eksternt p\u00e5 en gennemsigtig m\u00e5de giver ogs\u00e5 virksomhedens kunder og potentielle kunder indsigt i andres oplevelse. Responsr bruges kun af virksomheder, der virkelig \u00f8nsker at forbedre deres kundeoplevelse.<br><\/p><p>\u00d8nsker din virksomhed ogs\u00e5 at blive bedre?&nbsp;<a href=\"https:\/\/responsr.io\/da\/\" target=\"_blank\" style=\"background-color: rgb(255, 255, 255);\">Pr\u00f8v Responsr gratis<\/a><\/p>\n<p><!-- \/wp:paragraph --><\/p>\n<p><!-- wp:image {\"id\":3473,\"sizeSlug\":\"large\",\"linkDestination\":\"none\"} --><\/p>\n<figure><img decoding=\"async\" src=\"https:\/\/responsr.io\/wp-content\/uploads\/2020\/10\/stripe-wall-grey-1000x98-1.png\" alt=\"\"><\/figure>\n<p><!-- \/wp:image --><\/p>\n<p><!-- wp:paragraph --><\/p>\n<p><!-- \/wp:paragraph --><\/p>\t\t\t\t\t\t<\/div>\n\t\t\t\t<\/div>\n\t\t\t\t\t<\/div>\n\t\t<\/div>\n\t\t\t\t\t<\/div>\n\t\t<\/section>\n\t\t\t\t<\/div>","protected":false},"excerpt":{"rendered":"<p>\u00c6gte kundeanmeldelser Responsr viser kun kundeanmeldelser fra verificerede kunder. Anmeldelserne indsamles fra kundedata i virksomhedens bookingsystem, supportsystem og kundedatabaser. Virksomhederne bruger Responsr prim\u00e6rt til at forbedre deres drift og korrigere, hvis der opst\u00e5r problemer. Det er derfor vigtigt, at kun verificerede kunder bliver bedt om at gennemg\u00e5 deres oplevelse. Anmeldelserne er derfor ikke udvandet [...]<\/p>","protected":false},"author":11,"featured_media":0,"parent":0,"menu_order":0,"comment_status":"closed","ping_status":"closed","template":"","meta":{"_seopress_robots_primary_cat":"","_seopress_titles_title":"Verified customer reviews","_seopress_titles_desc":"Display verified customer reviews on your website ","_seopress_robots_index":"","inline_featured_image":false,"footnotes":""},"class_list":["post-6426","page","type-page","status-publish","hentry"],"_links":{"self":[{"href":"https:\/\/responsr.io\/da\/wp-json\/wp\/v2\/pages\/6426"}],"collection":[{"href":"https:\/\/responsr.io\/da\/wp-json\/wp\/v2\/pages"}],"about":[{"href":"https:\/\/responsr.io\/da\/wp-json\/wp\/v2\/types\/page"}],"author":[{"embeddable":true,"href":"https:\/\/responsr.io\/da\/wp-json\/wp\/v2\/users\/11"}],"replies":[{"embeddable":true,"href":"https:\/\/responsr.io\/da\/wp-json\/wp\/v2\/comments?post=6426"}],"version-history":[{"count":0,"href":"https:\/\/responsr.io\/da\/wp-json\/wp\/v2\/pages\/6426\/revisions"}],"wp:attachment":[{"href":"https:\/\/responsr.io\/da\/wp-json\/wp\/v2\/media?parent=6426"}],"curies":[{"name":"wp","href":"https:\/\/api.w.org\/{rel}","templated":true}]}}