{"id":6928,"date":"2023-07-12T11:12:44","date_gmt":"2023-07-12T09:12:44","guid":{"rendered":"https:\/\/responsr.io\/?page_id=6928"},"modified":"2024-09-09T16:09:57","modified_gmt":"2024-09-09T14:09:57","slug":"apps-hubspot","status":"publish","type":"page","link":"https:\/\/responsr.io\/da\/apps-hubspot\/","title":{"rendered":"NPS til Hubspot"},"content":{"rendered":"<div data-elementor-type=\"wp-page\" data-elementor-id=\"6928\" class=\"elementor elementor-6928\" data-elementor-post-type=\"page\">\n\t\t\t\t\t\t<section class=\"elementor-section elementor-top-section elementor-element elementor-element-6aa962a elementor-section-full_width elementor-section-height-min-height elementor-section-height-default elementor-section-items-middle\" data-id=\"6aa962a\" data-element_type=\"section\" data-settings=\"{&quot;background_background&quot;:&quot;classic&quot;,&quot;background_motion_fx_motion_fx_scrolling&quot;:&quot;yes&quot;,&quot;background_motion_fx_blur_effect&quot;:&quot;yes&quot;,&quot;background_motion_fx_blur_level&quot;:{&quot;unit&quot;:&quot;px&quot;,&quot;size&quot;:2,&quot;sizes&quot;:[]},&quot;background_motion_fx_blur_range&quot;:{&quot;unit&quot;:&quot;%&quot;,&quot;size&quot;:&quot;&quot;,&quot;sizes&quot;:{&quot;start&quot;:50,&quot;end&quot;:100}},&quot;background_motion_fx_scale_effect&quot;:&quot;yes&quot;,&quot;background_motion_fx_blur_direction&quot;:&quot;out-in&quot;,&quot;background_motion_fx_scale_direction&quot;:&quot;out-in&quot;,&quot;background_motion_fx_scale_speed&quot;:{&quot;unit&quot;:&quot;px&quot;,&quot;size&quot;:4,&quot;sizes&quot;:[]},&quot;background_motion_fx_scale_range&quot;:{&quot;unit&quot;:&quot;%&quot;,&quot;size&quot;:&quot;&quot;,&quot;sizes&quot;:{&quot;start&quot;:20,&quot;end&quot;:80}},&quot;background_motion_fx_devices&quot;:[&quot;desktop&quot;,&quot;tablet&quot;,&quot;mobile&quot;]}\">\n\t\t\t\t\t\t\t<div class=\"elementor-background-overlay\"><\/div>\n\t\t\t\t\t\t\t<div class=\"elementor-container elementor-column-gap-default\">\n\t\t\t\t\t<div class=\"elementor-column elementor-col-100 elementor-top-column elementor-element elementor-element-11973e3\" data-id=\"11973e3\" data-element_type=\"column\" data-settings=\"{&quot;background_background&quot;:&quot;classic&quot;}\">\n\t\t\t<div class=\"elementor-widget-wrap elementor-element-populated\">\n\t\t\t\t\t\t<div class=\"elementor-element elementor-element-5720c46 elementor-widget elementor-widget-heading\" data-id=\"5720c46\" data-element_type=\"widget\" data-widget_type=\"heading.default\">\n\t\t\t\t<div class=\"elementor-widget-container\">\n\t\t\t<h1 class=\"elementor-heading-title elementor-size-default\">NPS\u00ae til HubSpot<\/h1>\t\t<\/div>\n\t\t\t\t<\/div>\n\t\t\t\t<div class=\"elementor-element elementor-element-b4d8814 elementor-widget elementor-widget-spacer\" data-id=\"b4d8814\" data-element_type=\"widget\" data-widget_type=\"spacer.default\">\n\t\t\t\t<div class=\"elementor-widget-container\">\n\t\t\t\t\t<div class=\"elementor-spacer\">\n\t\t\t<div class=\"elementor-spacer-inner\"><\/div>\n\t\t<\/div>\n\t\t\t\t<\/div>\n\t\t\t\t<\/div>\n\t\t\t\t<div class=\"elementor-element elementor-element-fe98445 elementor-widget elementor-widget-image\" data-id=\"fe98445\" data-element_type=\"widget\" data-widget_type=\"image.default\">\n\t\t\t\t<div class=\"elementor-widget-container\">\n\t\t\t\t\t\t\t\t\t\t\t\t\t<img fetchpriority=\"high\" decoding=\"async\" width=\"800\" height=\"800\" src=\"https:\/\/responsr.io\/wp-content\/uploads\/2021\/08\/stripe-wall-1500x200-1.svg\" class=\"attachment-large size-large wp-image-6206\" alt=\"\" \/>\t\t\t\t\t\t\t\t\t\t\t\t\t<\/div>\n\t\t\t\t<\/div>\n\t\t\t\t\t<\/div>\n\t\t<\/div>\n\t\t\t\t\t<\/div>\n\t\t<\/section>\n\t\t\t\t<section class=\"elementor-section elementor-top-section elementor-element elementor-element-994f558 elementor-section-boxed elementor-section-height-default elementor-section-height-default elementor-invisible\" data-id=\"994f558\" data-element_type=\"section\" data-settings=\"{&quot;animation&quot;:&quot;fadeInUp&quot;,&quot;background_background&quot;:&quot;classic&quot;}\">\n\t\t\t\t\t\t<div class=\"elementor-container elementor-column-gap-default\">\n\t\t\t\t\t<div class=\"elementor-column elementor-col-50 elementor-top-column elementor-element elementor-element-1a3d66f\" data-id=\"1a3d66f\" data-element_type=\"column\" data-settings=\"{&quot;background_background&quot;:&quot;classic&quot;}\">\n\t\t\t<div class=\"elementor-widget-wrap elementor-element-populated\">\n\t\t\t\t\t\t<div class=\"elementor-element elementor-element-c6e5b42 elementor-widget elementor-widget-heading\" data-id=\"c6e5b42\" data-element_type=\"widget\" data-widget_type=\"heading.default\">\n\t\t\t\t<div class=\"elementor-widget-container\">\n\t\t\t<h2 class=\"elementor-heading-title elementor-size-default\">Bedre kunderelationer<\/h2>\t\t<\/div>\n\t\t\t\t<\/div>\n\t\t\t\t<div class=\"elementor-element elementor-element-436766f elementor-widget elementor-widget-text-editor\" data-id=\"436766f\" data-element_type=\"widget\" data-widget_type=\"text-editor.default\">\n\t\t\t\t<div class=\"elementor-widget-container\">\n\t\t\t\t\t\t\t<p><b>Loyale kunder er grundlaget for enhver succesfuld forretning. <br \/>Dine mest loyale kunder vil anbefale dig til andre, og tilliden til en anbefaling er st\u00e6rkere end enhver markedsf\u00f8ring, du kan k\u00f8be.\u00a0<\/b><\/p><p>Kundefeedback vil give dig indsigt i dine styrker og svagheder. Hvad siger de allerede om dig?<\/p><p>Hvis du bruger HubSpot, kan du finde ud af og arbejde proaktivt med dit brand gennem kundeoplevelsen fuldautomatisk.<\/p><p>Responsr bruger <a href=\"https:\/\/responsr.io\/da\/nps-net-promoter-score\/\">NPS<\/a>\u00ae metode som er den f\u00f8rende metode indenfor kundetilfredshed.<\/p>\t\t\t\t\t\t<\/div>\n\t\t\t\t<\/div>\n\t\t\t\t\t<\/div>\n\t\t<\/div>\n\t\t\t\t<div class=\"elementor-column elementor-col-50 elementor-top-column elementor-element elementor-element-f0aa2b1\" data-id=\"f0aa2b1\" data-element_type=\"column\" data-settings=\"{&quot;background_background&quot;:&quot;classic&quot;}\">\n\t\t\t<div class=\"elementor-widget-wrap elementor-element-populated\">\n\t\t\t\t\t\t<div class=\"elementor-element elementor-element-f2cda95 elementor-widget elementor-widget-heading\" data-id=\"f2cda95\" data-element_type=\"widget\" data-widget_type=\"heading.default\">\n\t\t\t\t<div class=\"elementor-widget-container\">\n\t\t\t<h3 class=\"elementor-heading-title elementor-size-default\">Automatisk med HubSpot<\/h3>\t\t<\/div>\n\t\t\t\t<\/div>\n\t\t\t\t<div class=\"elementor-element elementor-element-9d3d5d6 elementor-widget elementor-widget-image\" data-id=\"9d3d5d6\" data-element_type=\"widget\" data-widget_type=\"image.default\">\n\t\t\t\t<div class=\"elementor-widget-container\">\n\t\t\t\t\t\t\t\t\t\t\t\t\t<img decoding=\"async\" width=\"300\" height=\"88\" src=\"https:\/\/responsr.io\/wp-content\/uploads\/2023\/07\/2560px-HubSpot_Logo.svg-300x88.png\" class=\"attachment-medium size-medium wp-image-6931\" alt=\"Hubspot\" srcset=\"https:\/\/responsr.io\/wp-content\/uploads\/2023\/07\/2560px-HubSpot_Logo.svg-300x88.png 300w, https:\/\/responsr.io\/wp-content\/uploads\/2023\/07\/2560px-HubSpot_Logo.svg-1024x300.png 1024w, https:\/\/responsr.io\/wp-content\/uploads\/2023\/07\/2560px-HubSpot_Logo.svg-768x225.png 768w, https:\/\/responsr.io\/wp-content\/uploads\/2023\/07\/2560px-HubSpot_Logo.svg-1536x449.png 1536w, https:\/\/responsr.io\/wp-content\/uploads\/2023\/07\/2560px-HubSpot_Logo.svg-2048x599.png 2048w, https:\/\/responsr.io\/wp-content\/uploads\/2023\/07\/2560px-HubSpot_Logo.svg-18x5.png 18w, https:\/\/responsr.io\/wp-content\/uploads\/2023\/07\/2560px-HubSpot_Logo.svg-e1727700692365.png 150w\" sizes=\"(max-width: 300px) 100vw, 300px\" \/>\t\t\t\t\t\t\t\t\t\t\t\t\t<\/div>\n\t\t\t\t<\/div>\n\t\t\t\t<div class=\"elementor-element elementor-element-5997850 elementor-mobile-align-center ga_try_30 elementor-align-center elementor-widget elementor-widget-button\" data-id=\"5997850\" data-element_type=\"widget\" data-settings=\"{&quot;_animation&quot;:&quot;none&quot;}\" data-widget_type=\"button.default\">\n\t\t\t\t<div class=\"elementor-widget-container\">\n\t\t\t\t\t<div class=\"elementor-button-wrapper\">\n\t\t\t<a class=\"elementor-button elementor-button-link elementor-size-lg\" href=\"https:\/\/app.responsr.io\/Onboarding\/#?install=HubSpot\" target=\"_blank\">\n\t\t\t\t\t\t<span class=\"elementor-button-content-wrapper\">\n\t\t\t\t\t\t<span class=\"elementor-button-icon\">\n\t\t\t\t<i aria-hidden=\"true\" class=\"fas fa-caret-right\"><\/i>\t\t\t<\/span>\n\t\t\t\t\t\t\t\t\t<span class=\"elementor-button-text\">pr\u00f8v gratis<\/span>\n\t\t\t\t\t<\/span>\n\t\t\t\t\t<\/a>\n\t\t<\/div>\n\t\t\t\t<\/div>\n\t\t\t\t<\/div>\n\t\t\t\t<section class=\"elementor-section elementor-inner-section elementor-element elementor-element-fcb0008 elementor-section-boxed elementor-section-height-default elementor-section-height-default\" data-id=\"fcb0008\" data-element_type=\"section\">\n\t\t\t\t\t\t<div class=\"elementor-container elementor-column-gap-default\">\n\t\t\t\t\t<div class=\"elementor-column elementor-col-50 elementor-inner-column elementor-element elementor-element-5cd32d6\" data-id=\"5cd32d6\" data-element_type=\"column\">\n\t\t\t<div class=\"elementor-widget-wrap elementor-element-populated\">\n\t\t\t\t\t\t<div class=\"elementor-element elementor-element-bb35aea elementor-widget elementor-widget-image\" data-id=\"bb35aea\" data-element_type=\"widget\" data-widget_type=\"image.default\">\n\t\t\t\t<div class=\"elementor-widget-container\">\n\t\t\t\t\t\t\t\t\t\t\t\t\t<img decoding=\"async\" width=\"300\" height=\"190\" src=\"https:\/\/responsr.io\/wp-content\/uploads\/2021\/08\/screenshot1-300x190.png\" class=\"attachment-medium size-medium wp-image-6239\" alt=\"\" srcset=\"https:\/\/responsr.io\/wp-content\/uploads\/2021\/08\/screenshot1-300x190.png 300w, https:\/\/responsr.io\/wp-content\/uploads\/2021\/08\/screenshot1-1024x648.png 1024w, https:\/\/responsr.io\/wp-content\/uploads\/2021\/08\/screenshot1-768x486.png 768w, https:\/\/responsr.io\/wp-content\/uploads\/2021\/08\/screenshot1-1536x972.png 1536w, https:\/\/responsr.io\/wp-content\/uploads\/2021\/08\/screenshot1-16x10.png 16w, https:\/\/responsr.io\/wp-content\/uploads\/2021\/08\/screenshot1.png 1896w\" sizes=\"(max-width: 300px) 100vw, 300px\" \/>\t\t\t\t\t\t\t\t\t\t\t\t\t<\/div>\n\t\t\t\t<\/div>\n\t\t\t\t\t<\/div>\n\t\t<\/div>\n\t\t\t\t<div class=\"elementor-column elementor-col-50 elementor-inner-column elementor-element elementor-element-4bc740c\" data-id=\"4bc740c\" data-element_type=\"column\">\n\t\t\t<div class=\"elementor-widget-wrap elementor-element-populated\">\n\t\t\t\t\t\t<div class=\"elementor-element elementor-element-48e058f elementor-widget elementor-widget-image\" data-id=\"48e058f\" data-element_type=\"widget\" data-widget_type=\"image.default\">\n\t\t\t\t<div class=\"elementor-widget-container\">\n\t\t\t\t\t\t\t\t\t\t\t\t\t<img loading=\"lazy\" decoding=\"async\" width=\"300\" height=\"178\" src=\"https:\/\/responsr.io\/wp-content\/uploads\/2021\/08\/screenshot2-300x178.png\" class=\"attachment-medium size-medium wp-image-6240\" alt=\"Feedbackindbakke for at svare p\u00e5 kundefeedback\" srcset=\"https:\/\/responsr.io\/wp-content\/uploads\/2021\/08\/screenshot2-300x178.png 300w, https:\/\/responsr.io\/wp-content\/uploads\/2021\/08\/screenshot2-1024x609.png 1024w, https:\/\/responsr.io\/wp-content\/uploads\/2021\/08\/screenshot2-768x456.png 768w, https:\/\/responsr.io\/wp-content\/uploads\/2021\/08\/screenshot2-1536x913.png 1536w, https:\/\/responsr.io\/wp-content\/uploads\/2021\/08\/screenshot2-16x10.png 16w, https:\/\/responsr.io\/wp-content\/uploads\/2021\/08\/screenshot2.png 1920w\" sizes=\"(max-width: 300px) 100vw, 300px\" \/>\t\t\t\t\t\t\t\t\t\t\t\t\t<\/div>\n\t\t\t\t<\/div>\n\t\t\t\t\t<\/div>\n\t\t<\/div>\n\t\t\t\t\t<\/div>\n\t\t<\/section>\n\t\t\t\t\t<\/div>\n\t\t<\/div>\n\t\t\t\t\t<\/div>\n\t\t<\/section>\n\t\t\t\t<section class=\"elementor-section elementor-top-section elementor-element elementor-element-615edd0 elementor-section-boxed elementor-section-height-default elementor-section-height-default elementor-invisible\" data-id=\"615edd0\" data-element_type=\"section\" data-settings=\"{&quot;animation&quot;:&quot;fadeInUp&quot;,&quot;background_background&quot;:&quot;classic&quot;,&quot;animation_tablet&quot;:&quot;none&quot;}\">\n\t\t\t\t\t\t<div class=\"elementor-container elementor-column-gap-default\">\n\t\t\t\t\t<div class=\"elementor-column elementor-col-33 elementor-top-column elementor-element elementor-element-2bb5725\" data-id=\"2bb5725\" data-element_type=\"column\" data-settings=\"{&quot;animation&quot;:&quot;none&quot;,&quot;animation_mobile&quot;:&quot;fadeInUp&quot;,&quot;animation_tablet&quot;:&quot;fadeInUp&quot;}\">\n\t\t\t<div class=\"elementor-widget-wrap elementor-element-populated\">\n\t\t\t\t\t\t<div class=\"elementor-element elementor-element-4b29ce7 elementor-widget elementor-widget-heading\" data-id=\"4b29ce7\" data-element_type=\"widget\" data-widget_type=\"heading.default\">\n\t\t\t\t<div class=\"elementor-widget-container\">\n\t\t\t<h4 class=\"elementor-heading-title elementor-size-default\"><h4 style=\"color: rgb(74, 74, 74); white-space: normal;\"><font style=\"vertical-align: inherit;\">Kom i gang med det samme<\/font><\/h4><\/h4>\t\t<\/div>\n\t\t\t\t<\/div>\n\t\t\t\t<div class=\"elementor-element elementor-element-736e456 elementor-widget elementor-widget-text-editor\" data-id=\"736e456\" data-element_type=\"widget\" data-widget_type=\"text-editor.default\">\n\t\t\t\t<div class=\"elementor-widget-container\">\n\t\t\t\t\t\t\t<p><span><span class=\"\">Tilmeld dig den gratis pr\u00f8veperiode for at begynde at f\u00e5 kundefeedback med det samme.<\/span><\/span><\/p><p><span>Du vil f\u00e5 indsigt fra de g\u00e6ster, der tjekker ud af dit hotel allerede i morgen.<\/span><\/p>\t\t\t\t\t\t<\/div>\n\t\t\t\t<\/div>\n\t\t\t\t<div class=\"elementor-element elementor-element-6376538 elementor-mobile-align-center ga_try_30 elementor-align-center elementor-widget elementor-widget-button\" data-id=\"6376538\" data-element_type=\"widget\" data-settings=\"{&quot;_animation&quot;:&quot;none&quot;}\" data-widget_type=\"button.default\">\n\t\t\t\t<div class=\"elementor-widget-container\">\n\t\t\t\t\t<div class=\"elementor-button-wrapper\">\n\t\t\t<a class=\"elementor-button elementor-button-link elementor-size-lg\" href=\"https:\/\/app.responsr.io\/Onboarding\/#?install=HubSpot\" target=\"_blank\">\n\t\t\t\t\t\t<span class=\"elementor-button-content-wrapper\">\n\t\t\t\t\t\t<span class=\"elementor-button-icon\">\n\t\t\t\t<i aria-hidden=\"true\" class=\"fas fa-caret-right\"><\/i>\t\t\t<\/span>\n\t\t\t\t\t\t\t\t\t<span class=\"elementor-button-text\">pr\u00f8v gratis<\/span>\n\t\t\t\t\t<\/span>\n\t\t\t\t\t<\/a>\n\t\t<\/div>\n\t\t\t\t<\/div>\n\t\t\t\t<\/div>\n\t\t\t\t\t<\/div>\n\t\t<\/div>\n\t\t\t\t<div class=\"elementor-column elementor-col-33 elementor-top-column elementor-element elementor-element-e8e1dc2\" data-id=\"e8e1dc2\" data-element_type=\"column\" data-settings=\"{&quot;animation&quot;:&quot;none&quot;,&quot;animation_mobile&quot;:&quot;fadeInUp&quot;,&quot;animation_tablet&quot;:&quot;fadeInUp&quot;}\">\n\t\t\t<div class=\"elementor-widget-wrap elementor-element-populated\">\n\t\t\t\t\t\t<div class=\"elementor-element elementor-element-a733578 elementor-widget elementor-widget-heading\" data-id=\"a733578\" data-element_type=\"widget\" data-widget_type=\"heading.default\">\n\t\t\t\t<div class=\"elementor-widget-container\">\n\t\t\t<h4 class=\"elementor-heading-title elementor-size-default\"><h4 style=\"color: rgb(74, 74, 74); white-space: normal;\"><font style=\"vertical-align: inherit;\">Flere anmeldelser<\/font><\/h4><\/h4>\t\t<\/div>\n\t\t\t\t<\/div>\n\t\t\t\t<div class=\"elementor-element elementor-element-d92ea9b elementor-widget elementor-widget-text-editor\" data-id=\"d92ea9b\" data-element_type=\"widget\" data-widget_type=\"text-editor.default\">\n\t\t\t\t<div class=\"elementor-widget-container\">\n\t\t\t\t\t\t\t<p><span style=\"vertical-align: inherit;\">F\u00e5 Google til at rangere dit websted h\u00f8jere ved at indsamle kundeanmeldelser, der viser, at kunderne kan stole p\u00e5 dig.<\/span><\/p><p><span style=\"vertical-align: inherit;\">Gennem Responsr kan du ogs\u00e5 l\u00f8se problemer tidligt ved at kontakte kunder, der ikke er tilfredse.\u00a0<\/span><\/p>\t\t\t\t\t\t<\/div>\n\t\t\t\t<\/div>\n\t\t\t\t\t<\/div>\n\t\t<\/div>\n\t\t\t\t<div class=\"elementor-column elementor-col-33 elementor-top-column elementor-element elementor-element-1f350bc\" data-id=\"1f350bc\" data-element_type=\"column\" data-settings=\"{&quot;animation&quot;:&quot;none&quot;,&quot;animation_mobile&quot;:&quot;fadeInUp&quot;,&quot;animation_tablet&quot;:&quot;fadeInUp&quot;}\">\n\t\t\t<div class=\"elementor-widget-wrap elementor-element-populated\">\n\t\t\t\t\t\t<div class=\"elementor-element elementor-element-c86a502 elementor-widget elementor-widget-heading\" data-id=\"c86a502\" data-element_type=\"widget\" data-widget_type=\"heading.default\">\n\t\t\t\t<div class=\"elementor-widget-container\">\n\t\t\t<h4 class=\"elementor-heading-title elementor-size-default\"><h4 style=\"color: rgb(74, 74, 74); white-space: normal;\"><font style=\"vertical-align: inherit;\">Loyale kunder<\/font><\/h4><\/h4>\t\t<\/div>\n\t\t\t\t<\/div>\n\t\t\t\t<div class=\"elementor-element elementor-element-473c95b elementor-widget elementor-widget-text-editor\" data-id=\"473c95b\" data-element_type=\"widget\" data-widget_type=\"text-editor.default\">\n\t\t\t\t<div class=\"elementor-widget-container\">\n\t\t\t\t\t\t\t<p><span style=\"vertical-align: inherit;\"><span style=\"vertical-align: inherit;\">Dine loyale kunder er din bedste marketingkanal.\u00a0<\/span><span style=\"vertical-align: inherit;\">Bed dem om at sprede budskabet p\u00e5 Google og til deres venner.\u00a0<\/span><\/span><\/p><p><span style=\"vertical-align: inherit;\">\u00d8g teammoralen ved at lade dem h\u00f8re, hvor god du er, direkte fra dine kunder.\u00a0<br \/><br \/>Responsr arbejder sammen med Teams og Slack<\/span><\/p>\t\t\t\t\t\t<\/div>\n\t\t\t\t<\/div>\n\t\t\t\t\t<\/div>\n\t\t<\/div>\n\t\t\t\t\t<\/div>\n\t\t<\/section>\n\t\t\t\t<section class=\"elementor-section elementor-top-section elementor-element elementor-element-45183dc elementor-section-boxed elementor-section-height-default elementor-section-height-default elementor-invisible\" data-id=\"45183dc\" data-element_type=\"section\" data-settings=\"{&quot;animation&quot;:&quot;fadeInUp&quot;,&quot;background_background&quot;:&quot;classic&quot;,&quot;animation_tablet&quot;:&quot;none&quot;}\">\n\t\t\t\t\t\t<div class=\"elementor-container elementor-column-gap-default\">\n\t\t\t\t\t<div class=\"elementor-column elementor-col-33 elementor-top-column elementor-element elementor-element-dc6a2cc\" data-id=\"dc6a2cc\" data-element_type=\"column\" data-settings=\"{&quot;animation&quot;:&quot;none&quot;,&quot;animation_mobile&quot;:&quot;fadeInUp&quot;,&quot;animation_tablet&quot;:&quot;fadeInUp&quot;}\">\n\t\t\t<div class=\"elementor-widget-wrap elementor-element-populated\">\n\t\t\t\t\t\t<div class=\"elementor-element elementor-element-19cdc08 elementor-widget elementor-widget-heading\" data-id=\"19cdc08\" data-element_type=\"widget\" data-widget_type=\"heading.default\">\n\t\t\t\t<div class=\"elementor-widget-container\">\n\t\t\t<h4 class=\"elementor-heading-title elementor-size-default\"><h4 style=\"color: rgb(74, 74, 74); white-space: normal;\">Hvad er v\u00e6rdien?<\/h4><\/h4>\t\t<\/div>\n\t\t\t\t<\/div>\n\t\t\t\t<div class=\"elementor-element elementor-element-5e3be13 elementor-widget elementor-widget-text-editor\" data-id=\"5e3be13\" data-element_type=\"widget\" data-widget_type=\"text-editor.default\">\n\t\t\t\t<div class=\"elementor-widget-container\">\n\t\t\t\t\t\t\t<p>For hver kunde, du mister, skal du f\u00f8rst anskaffe en ny, f\u00f8r du kan s\u00e6tte din salgsstyrke i v\u00e6kst.\u00a0<\/p><p>Ved at beholde flere kunder og bruge dem til at markedsf\u00f8re dig, vil du f\u00e5 flere kunder.\u00a0<\/p><p>\u00a0<\/p>\t\t\t\t\t\t<\/div>\n\t\t\t\t<\/div>\n\t\t\t\t\t<\/div>\n\t\t<\/div>\n\t\t\t\t<div class=\"elementor-column elementor-col-33 elementor-top-column elementor-element elementor-element-def2361\" data-id=\"def2361\" data-element_type=\"column\" data-settings=\"{&quot;animation&quot;:&quot;none&quot;,&quot;animation_mobile&quot;:&quot;fadeInUp&quot;,&quot;animation_tablet&quot;:&quot;fadeInUp&quot;}\">\n\t\t\t<div class=\"elementor-widget-wrap elementor-element-populated\">\n\t\t\t\t\t\t<div class=\"elementor-element elementor-element-f59714d elementor-widget elementor-widget-heading\" data-id=\"f59714d\" data-element_type=\"widget\" data-widget_type=\"heading.default\">\n\t\t\t\t<div class=\"elementor-widget-container\">\n\t\t\t<h4 class=\"elementor-heading-title elementor-size-default\"><h4 style=\"color: rgb(74, 74, 74); white-space: normal;\">Hvordan virker det?<\/h4><\/h4>\t\t<\/div>\n\t\t\t\t<\/div>\n\t\t\t\t<div class=\"elementor-element elementor-element-43835ad elementor-widget elementor-widget-text-editor\" data-id=\"43835ad\" data-element_type=\"widget\" data-widget_type=\"text-editor.default\">\n\t\t\t\t<div class=\"elementor-widget-container\">\n\t\t\t\t\t\t\t<p>Responsr tr\u00e6kker dine aktive kunder fra HubSpot og sender af og til en unders\u00f8gelse med to sp\u00f8rgsm\u00e5l, hvor de beder dem anbefale dig online.\u00a0<\/p><p>Du styrer, hvor ofte afsendelsen finder sted, og hvordan den ser ud.<\/p>\t\t\t\t\t\t<\/div>\n\t\t\t\t<\/div>\n\t\t\t\t\t<\/div>\n\t\t<\/div>\n\t\t\t\t<div class=\"elementor-column elementor-col-33 elementor-top-column elementor-element elementor-element-b7f4686\" data-id=\"b7f4686\" data-element_type=\"column\" data-settings=\"{&quot;animation&quot;:&quot;none&quot;,&quot;animation_mobile&quot;:&quot;fadeInUp&quot;,&quot;animation_tablet&quot;:&quot;fadeInUp&quot;}\">\n\t\t\t<div class=\"elementor-widget-wrap elementor-element-populated\">\n\t\t\t\t\t\t<div class=\"elementor-element elementor-element-3d4f809 elementor-widget elementor-widget-heading\" data-id=\"3d4f809\" data-element_type=\"widget\" data-widget_type=\"heading.default\">\n\t\t\t\t<div class=\"elementor-widget-container\">\n\t\t\t<h4 class=\"elementor-heading-title elementor-size-default\"><h4 style=\"color: rgb(74, 74, 74); white-space: normal;\">Hvad finder du ud af?<\/h4><\/h4>\t\t<\/div>\n\t\t\t\t<\/div>\n\t\t\t\t<div class=\"elementor-element elementor-element-87df961 elementor-widget elementor-widget-text-editor\" data-id=\"87df961\" data-element_type=\"widget\" data-widget_type=\"text-editor.default\">\n\t\t\t\t<div class=\"elementor-widget-container\">\n\t\t\t\t\t\t\t<p>Hvilke kunder du risikerer at miste, og hvem du skal kontakte der.<\/p><p>Hvor meget af din oms\u00e6tning risikerer at miste om \u00e5ret.<\/p><p>Hvad du skal g\u00f8re for at beholde kunderne l\u00e6ngere.<\/p>\t\t\t\t\t\t<\/div>\n\t\t\t\t<\/div>\n\t\t\t\t\t<\/div>\n\t\t<\/div>\n\t\t\t\t\t<\/div>\n\t\t<\/section>\n\t\t\t\t<\/div>","protected":false},"excerpt":{"rendered":"<p>NPS\u00ae til HubSpot Bedre kunderelationer Loyale kunder er grundlaget for enhver succesfuld forretning. Dine mest loyale kunder vil anbefale dig til andre, og tilliden til en anbefaling er st\u00e6rkere end enhver markedsf\u00f8ring, du kan k\u00f8be. Kundefeedback vil give dig indsigt i dine styrker og svagheder. Hvad siger de allerede om dig? Hvis du [\u2026]<\/p>","protected":false},"author":11,"featured_media":0,"parent":0,"menu_order":0,"comment_status":"closed","ping_status":"closed","template":"","meta":{"_seopress_robots_primary_cat":"","_seopress_titles_title":"NPS f\u00f6r HubSpot","_seopress_titles_desc":"Skapa lojala kunder genom HubSpot. Aktivera Responsr HubSpot f\u00f6r att automatiskt f\u00f6lja upp relationen med era kunder.","_seopress_robots_index":"","inline_featured_image":false,"footnotes":""},"class_list":["post-6928","page","type-page","status-publish","hentry"],"_links":{"self":[{"href":"https:\/\/responsr.io\/da\/wp-json\/wp\/v2\/pages\/6928"}],"collection":[{"href":"https:\/\/responsr.io\/da\/wp-json\/wp\/v2\/pages"}],"about":[{"href":"https:\/\/responsr.io\/da\/wp-json\/wp\/v2\/types\/page"}],"author":[{"embeddable":true,"href":"https:\/\/responsr.io\/da\/wp-json\/wp\/v2\/users\/11"}],"replies":[{"embeddable":true,"href":"https:\/\/responsr.io\/da\/wp-json\/wp\/v2\/comments?post=6928"}],"version-history":[{"count":4,"href":"https:\/\/responsr.io\/da\/wp-json\/wp\/v2\/pages\/6928\/revisions"}],"predecessor-version":[{"id":7409,"href":"https:\/\/responsr.io\/da\/wp-json\/wp\/v2\/pages\/6928\/revisions\/7409"}],"wp:attachment":[{"href":"https:\/\/responsr.io\/da\/wp-json\/wp\/v2\/media?parent=6928"}],"curies":[{"name":"wp","href":"https:\/\/api.w.org\/{rel}","templated":true}]}}