{"id":6864,"date":"2023-04-29T13:19:42","date_gmt":"2023-04-29T11:19:42","guid":{"rendered":"https:\/\/responsr.io\/?page_id=6864"},"modified":"2024-09-09T16:08:27","modified_gmt":"2024-09-09T14:08:27","slug":"apps-startdeliver","status":"publish","type":"page","link":"https:\/\/responsr.io\/en\/apps-startdeliver\/","title":{"rendered":"NPS for Startdeliver"},"content":{"rendered":"<div data-elementor-type=\"wp-page\" data-elementor-id=\"6864\" class=\"elementor elementor-6864\" data-elementor-post-type=\"page\">\n\t\t\t\t\t\t<section class=\"elementor-section elementor-top-section elementor-element elementor-element-6aa962a elementor-section-full_width elementor-section-height-min-height elementor-section-height-default elementor-section-items-middle\" data-id=\"6aa962a\" data-element_type=\"section\" data-settings=\"{&quot;background_background&quot;:&quot;classic&quot;,&quot;background_motion_fx_motion_fx_scrolling&quot;:&quot;yes&quot;,&quot;background_motion_fx_scale_effect&quot;:&quot;yes&quot;,&quot;background_motion_fx_motion_fx_mouse&quot;:&quot;yes&quot;,&quot;background_motion_fx_scale_direction&quot;:&quot;out-in&quot;,&quot;background_motion_fx_scale_speed&quot;:{&quot;unit&quot;:&quot;px&quot;,&quot;size&quot;:4,&quot;sizes&quot;:[]},&quot;background_motion_fx_scale_range&quot;:{&quot;unit&quot;:&quot;%&quot;,&quot;size&quot;:&quot;&quot;,&quot;sizes&quot;:{&quot;start&quot;:20,&quot;end&quot;:80}},&quot;background_motion_fx_devices&quot;:[&quot;desktop&quot;,&quot;tablet&quot;,&quot;mobile&quot;]}\">\n\t\t\t\t\t\t\t<div class=\"elementor-background-overlay\"><\/div>\n\t\t\t\t\t\t\t<div class=\"elementor-container elementor-column-gap-default\">\n\t\t\t\t\t<div class=\"elementor-column elementor-col-100 elementor-top-column elementor-element elementor-element-11973e3\" data-id=\"11973e3\" data-element_type=\"column\" data-settings=\"{&quot;background_background&quot;:&quot;classic&quot;}\">\n\t\t\t<div class=\"elementor-widget-wrap elementor-element-populated\">\n\t\t\t\t\t\t<div class=\"elementor-element elementor-element-a2bfdb1 elementor-widget elementor-widget-spacer\" data-id=\"a2bfdb1\" data-element_type=\"widget\" data-widget_type=\"spacer.default\">\n\t\t\t\t<div class=\"elementor-widget-container\">\n\t\t\t\t\t<div class=\"elementor-spacer\">\n\t\t\t<div class=\"elementor-spacer-inner\"><\/div>\n\t\t<\/div>\n\t\t\t\t<\/div>\n\t\t\t\t<\/div>\n\t\t\t\t<div class=\"elementor-element elementor-element-5720c46 elementor-widget elementor-widget-heading\" data-id=\"5720c46\" data-element_type=\"widget\" data-widget_type=\"heading.default\">\n\t\t\t\t<div class=\"elementor-widget-container\">\n\t\t\t<h1 class=\"elementor-heading-title elementor-size-default\">NPS\u00ae for Startdeliver<\/h1>\t\t<\/div>\n\t\t\t\t<\/div>\n\t\t\t\t<div class=\"elementor-element elementor-element-b4d8814 elementor-widget elementor-widget-spacer\" data-id=\"b4d8814\" data-element_type=\"widget\" data-widget_type=\"spacer.default\">\n\t\t\t\t<div class=\"elementor-widget-container\">\n\t\t\t\t\t<div class=\"elementor-spacer\">\n\t\t\t<div class=\"elementor-spacer-inner\"><\/div>\n\t\t<\/div>\n\t\t\t\t<\/div>\n\t\t\t\t<\/div>\n\t\t\t\t<div class=\"elementor-element elementor-element-fe98445 elementor-widget elementor-widget-image\" data-id=\"fe98445\" data-element_type=\"widget\" data-widget_type=\"image.default\">\n\t\t\t\t<div class=\"elementor-widget-container\">\n\t\t\t\t\t\t\t\t\t\t\t\t\t<img fetchpriority=\"high\" decoding=\"async\" width=\"800\" height=\"78\" src=\"https:\/\/responsr.io\/wp-content\/uploads\/2020\/10\/stripe-wall-grey-1000x98-1.png\" class=\"attachment-large size-large wp-image-3473\" alt=\"\" srcset=\"https:\/\/responsr.io\/wp-content\/uploads\/2020\/10\/stripe-wall-grey-1000x98-1.png 1000w, https:\/\/responsr.io\/wp-content\/uploads\/2020\/10\/stripe-wall-grey-1000x98-1-300x29.png 300w, https:\/\/responsr.io\/wp-content\/uploads\/2020\/10\/stripe-wall-grey-1000x98-1-768x75.png 768w\" sizes=\"(max-width: 800px) 100vw, 800px\" \/>\t\t\t\t\t\t\t\t\t\t\t\t\t<\/div>\n\t\t\t\t<\/div>\n\t\t\t\t\t<\/div>\n\t\t<\/div>\n\t\t\t\t\t<\/div>\n\t\t<\/section>\n\t\t\t\t<section class=\"elementor-section elementor-top-section elementor-element elementor-element-994f558 elementor-section-boxed elementor-section-height-default elementor-section-height-default elementor-invisible\" data-id=\"994f558\" data-element_type=\"section\" data-settings=\"{&quot;animation&quot;:&quot;fadeInUp&quot;,&quot;background_background&quot;:&quot;classic&quot;}\">\n\t\t\t\t\t\t<div class=\"elementor-container elementor-column-gap-default\">\n\t\t\t\t\t<div class=\"elementor-column elementor-col-50 elementor-top-column elementor-element elementor-element-1a3d66f\" data-id=\"1a3d66f\" data-element_type=\"column\" data-settings=\"{&quot;background_background&quot;:&quot;classic&quot;}\">\n\t\t\t<div class=\"elementor-widget-wrap elementor-element-populated\">\n\t\t\t\t\t\t<div class=\"elementor-element elementor-element-c6e5b42 elementor-widget elementor-widget-heading\" data-id=\"c6e5b42\" data-element_type=\"widget\" data-widget_type=\"heading.default\">\n\t\t\t\t<div class=\"elementor-widget-container\">\n\t\t\t<h2 class=\"elementor-heading-title elementor-size-default\">Better Customer Success with NPS<\/h2>\t\t<\/div>\n\t\t\t\t<\/div>\n\t\t\t\t<div class=\"elementor-element elementor-element-436766f elementor-widget elementor-widget-text-editor\" data-id=\"436766f\" data-element_type=\"widget\" data-widget_type=\"text-editor.default\">\n\t\t\t\t<div class=\"elementor-widget-container\">\n\t\t\t\t\t\t\t<p><b>Get more insights into Customer Success work with the help of NPS. Together with Startdeliver, the leading system for Customer Success, we not only offer more insight into your customers but also tools for the rest of the company.<\/b><\/p><p><b style=\"background-color: var( --e-global-color-d7d3bf8 );\">Responsr is for those of you who don&#039;t just want to <a href=\"https:\/\/responsr.io\/en\/nps-net-promoter-score\/\">measure NPS<\/a> as a key figure, but wants to reduce churn and get more reviews and customers.<\/b><\/p><p><span style=\"background-color: var( --e-global-color-d7d3bf8 );\">Customer feedback will give you insights into your strengths and weaknesses.\u00a0<\/span><\/p><p>If you use Startdeliver, you can find out and work proactively with your brand through the customer experience fully automated.<\/p>\t\t\t\t\t\t<\/div>\n\t\t\t\t<\/div>\n\t\t\t\t\t<\/div>\n\t\t<\/div>\n\t\t\t\t<div class=\"elementor-column elementor-col-50 elementor-top-column elementor-element elementor-element-f0aa2b1\" data-id=\"f0aa2b1\" data-element_type=\"column\" data-settings=\"{&quot;background_background&quot;:&quot;classic&quot;}\">\n\t\t\t<div class=\"elementor-widget-wrap elementor-element-populated\">\n\t\t\t\t\t\t<div class=\"elementor-element elementor-element-8f5deb6 elementor-widget elementor-widget-image\" data-id=\"8f5deb6\" data-element_type=\"widget\" data-widget_type=\"image.default\">\n\t\t\t\t<div class=\"elementor-widget-container\">\n\t\t\t\t\t\t\t\t\t\t\t\t\t<img decoding=\"async\" width=\"800\" height=\"800\" src=\"https:\/\/responsr.io\/wp-content\/uploads\/2023\/04\/startdeliver.svg\" class=\"attachment-large size-large wp-image-6745\" alt=\"Start deliver\" \/>\t\t\t\t\t\t\t\t\t\t\t\t\t<\/div>\n\t\t\t\t<\/div>\n\t\t\t\t<div class=\"elementor-element elementor-element-216a08e elementor-widget elementor-widget-text-editor\" data-id=\"216a08e\" data-element_type=\"widget\" data-widget_type=\"text-editor.default\">\n\t\t\t\t<div class=\"elementor-widget-container\">\n\t\t\t\t\t\t\t<p style=\"text-align: center;\">Responsr is a complete NPS system for Startdeliver. <br \/>You can be up and running in a quarter of an hour.<\/p>\t\t\t\t\t\t<\/div>\n\t\t\t\t<\/div>\n\t\t\t\t<div class=\"elementor-element elementor-element-5997850 elementor-mobile-align-center ga_try_30 elementor-align-center elementor-widget elementor-widget-button\" data-id=\"5997850\" data-element_type=\"widget\" data-settings=\"{&quot;_animation&quot;:&quot;none&quot;}\" data-widget_type=\"button.default\">\n\t\t\t\t<div class=\"elementor-widget-container\">\n\t\t\t\t\t<div class=\"elementor-button-wrapper\">\n\t\t\t<a class=\"elementor-button elementor-button-link elementor-size-lg\" href=\"https:\/\/app.responsr.io\/Onboarding\/#?install=Startdeliver\" target=\"_blank\">\n\t\t\t\t\t\t<span class=\"elementor-button-content-wrapper\">\n\t\t\t\t\t\t<span class=\"elementor-button-icon\">\n\t\t\t\t<i aria-hidden=\"true\" class=\"fas fa-caret-right\"><\/i>\t\t\t<\/span>\n\t\t\t\t\t\t\t\t\t<span class=\"elementor-button-text\">Try for free<\/span>\n\t\t\t\t\t<\/span>\n\t\t\t\t\t<\/a>\n\t\t<\/div>\n\t\t\t\t<\/div>\n\t\t\t\t<\/div>\n\t\t\t\t<section class=\"elementor-section elementor-inner-section elementor-element elementor-element-fcb0008 elementor-section-boxed elementor-section-height-default elementor-section-height-default\" data-id=\"fcb0008\" data-element_type=\"section\">\n\t\t\t\t\t\t<div class=\"elementor-container elementor-column-gap-default\">\n\t\t\t\t\t<div class=\"elementor-column elementor-col-50 elementor-inner-column elementor-element elementor-element-5cd32d6\" data-id=\"5cd32d6\" data-element_type=\"column\">\n\t\t\t<div class=\"elementor-widget-wrap elementor-element-populated\">\n\t\t\t\t\t\t<div class=\"elementor-element elementor-element-bb35aea elementor-widget elementor-widget-image\" data-id=\"bb35aea\" data-element_type=\"widget\" data-widget_type=\"image.default\">\n\t\t\t\t<div class=\"elementor-widget-container\">\n\t\t\t\t\t\t\t\t\t\t\t\t\t<img decoding=\"async\" width=\"300\" height=\"190\" src=\"https:\/\/responsr.io\/wp-content\/uploads\/2021\/08\/screenshot1-300x190.png\" class=\"attachment-medium size-medium wp-image-6239\" alt=\"\" srcset=\"https:\/\/responsr.io\/wp-content\/uploads\/2021\/08\/screenshot1-300x190.png 300w, https:\/\/responsr.io\/wp-content\/uploads\/2021\/08\/screenshot1-1024x648.png 1024w, https:\/\/responsr.io\/wp-content\/uploads\/2021\/08\/screenshot1-768x486.png 768w, https:\/\/responsr.io\/wp-content\/uploads\/2021\/08\/screenshot1-1536x972.png 1536w, https:\/\/responsr.io\/wp-content\/uploads\/2021\/08\/screenshot1-16x10.png 16w, https:\/\/responsr.io\/wp-content\/uploads\/2021\/08\/screenshot1.png 1896w\" sizes=\"(max-width: 300px) 100vw, 300px\" \/>\t\t\t\t\t\t\t\t\t\t\t\t\t<\/div>\n\t\t\t\t<\/div>\n\t\t\t\t\t<\/div>\n\t\t<\/div>\n\t\t\t\t<div class=\"elementor-column elementor-col-50 elementor-inner-column elementor-element elementor-element-4bc740c\" data-id=\"4bc740c\" data-element_type=\"column\">\n\t\t\t<div class=\"elementor-widget-wrap elementor-element-populated\">\n\t\t\t\t\t\t<div class=\"elementor-element elementor-element-48e058f elementor-widget elementor-widget-image\" data-id=\"48e058f\" data-element_type=\"widget\" data-widget_type=\"image.default\">\n\t\t\t\t<div class=\"elementor-widget-container\">\n\t\t\t\t\t\t\t\t\t\t\t\t\t<img loading=\"lazy\" decoding=\"async\" width=\"300\" height=\"178\" src=\"https:\/\/responsr.io\/wp-content\/uploads\/2021\/08\/screenshot2-300x178.png\" class=\"attachment-medium size-medium wp-image-6240\" alt=\"Feedback inbox to respond to customer feedback\" srcset=\"https:\/\/responsr.io\/wp-content\/uploads\/2021\/08\/screenshot2-300x178.png 300w, https:\/\/responsr.io\/wp-content\/uploads\/2021\/08\/screenshot2-1024x609.png 1024w, https:\/\/responsr.io\/wp-content\/uploads\/2021\/08\/screenshot2-768x456.png 768w, https:\/\/responsr.io\/wp-content\/uploads\/2021\/08\/screenshot2-1536x913.png 1536w, https:\/\/responsr.io\/wp-content\/uploads\/2021\/08\/screenshot2-16x10.png 16w, https:\/\/responsr.io\/wp-content\/uploads\/2021\/08\/screenshot2.png 1920w\" sizes=\"(max-width: 300px) 100vw, 300px\" \/>\t\t\t\t\t\t\t\t\t\t\t\t\t<\/div>\n\t\t\t\t<\/div>\n\t\t\t\t\t<\/div>\n\t\t<\/div>\n\t\t\t\t\t<\/div>\n\t\t<\/section>\n\t\t\t\t\t<\/div>\n\t\t<\/div>\n\t\t\t\t\t<\/div>\n\t\t<\/section>\n\t\t\t\t<section class=\"elementor-section elementor-top-section elementor-element elementor-element-615edd0 elementor-section-boxed elementor-section-height-default elementor-section-height-default elementor-invisible\" data-id=\"615edd0\" data-element_type=\"section\" data-settings=\"{&quot;animation&quot;:&quot;fadeInUp&quot;,&quot;background_background&quot;:&quot;classic&quot;,&quot;animation_tablet&quot;:&quot;none&quot;}\">\n\t\t\t\t\t\t<div class=\"elementor-container elementor-column-gap-default\">\n\t\t\t\t\t<div class=\"elementor-column elementor-col-33 elementor-top-column elementor-element elementor-element-2bb5725\" data-id=\"2bb5725\" data-element_type=\"column\" data-settings=\"{&quot;animation&quot;:&quot;none&quot;,&quot;animation_mobile&quot;:&quot;fadeInUp&quot;,&quot;animation_tablet&quot;:&quot;fadeInUp&quot;}\">\n\t\t\t<div class=\"elementor-widget-wrap elementor-element-populated\">\n\t\t\t\t\t\t<div class=\"elementor-element elementor-element-4b29ce7 elementor-widget elementor-widget-heading\" data-id=\"4b29ce7\" data-element_type=\"widget\" data-widget_type=\"heading.default\">\n\t\t\t\t<div class=\"elementor-widget-container\">\n\t\t\t<h4 class=\"elementor-heading-title elementor-size-default\">Get going right now<\/h4>\t\t<\/div>\n\t\t\t\t<\/div>\n\t\t\t\t<div class=\"elementor-element elementor-element-736e456 elementor-widget elementor-widget-text-editor\" data-id=\"736e456\" data-element_type=\"widget\" data-widget_type=\"text-editor.default\">\n\t\t\t\t<div class=\"elementor-widget-container\">\n\t\t\t\t\t\t\t<p><span class=\"\">Sign up for the free trial to start getting customer feedback right away.<\/span><\/p>\t\t\t\t\t\t<\/div>\n\t\t\t\t<\/div>\n\t\t\t\t<div class=\"elementor-element elementor-element-6376538 elementor-mobile-align-center ga_try_30 elementor-align-center elementor-widget elementor-widget-button\" data-id=\"6376538\" data-element_type=\"widget\" data-settings=\"{&quot;_animation&quot;:&quot;none&quot;}\" data-widget_type=\"button.default\">\n\t\t\t\t<div class=\"elementor-widget-container\">\n\t\t\t\t\t<div class=\"elementor-button-wrapper\">\n\t\t\t<a class=\"elementor-button elementor-button-link elementor-size-lg\" href=\"https:\/\/app.responsr.io\/Onboarding\/#?install=Startdeliver\" target=\"_blank\">\n\t\t\t\t\t\t<span class=\"elementor-button-content-wrapper\">\n\t\t\t\t\t\t<span class=\"elementor-button-icon\">\n\t\t\t\t<i aria-hidden=\"true\" class=\"fas fa-caret-right\"><\/i>\t\t\t<\/span>\n\t\t\t\t\t\t\t\t\t<span class=\"elementor-button-text\">Try for free<\/span>\n\t\t\t\t\t<\/span>\n\t\t\t\t\t<\/a>\n\t\t<\/div>\n\t\t\t\t<\/div>\n\t\t\t\t<\/div>\n\t\t\t\t<div class=\"elementor-element elementor-element-c22cfee elementor-mobile-align-center ga_try_30 elementor-align-center elementor-widget elementor-widget-button\" data-id=\"c22cfee\" data-element_type=\"widget\" data-settings=\"{&quot;_animation&quot;:&quot;none&quot;}\" data-widget_type=\"button.default\">\n\t\t\t\t<div class=\"elementor-widget-container\">\n\t\t\t\t\t<div class=\"elementor-button-wrapper\">\n\t\t\t<a class=\"elementor-button elementor-button-link elementor-size-lg\" href=\"https:\/\/responsr.io\/en\/bettercxwithai\/\" target=\"_blank\">\n\t\t\t\t\t\t<span class=\"elementor-button-content-wrapper\">\n\t\t\t\t\t\t<span class=\"elementor-button-icon\">\n\t\t\t\t<i aria-hidden=\"true\" class=\"fas fa-caret-right\"><\/i>\t\t\t<\/span>\n\t\t\t\t\t\t\t\t\t<span class=\"elementor-button-text\">More included<\/span>\n\t\t\t\t\t<\/span>\n\t\t\t\t\t<\/a>\n\t\t<\/div>\n\t\t\t\t<\/div>\n\t\t\t\t<\/div>\n\t\t\t\t\t<\/div>\n\t\t<\/div>\n\t\t\t\t<div class=\"elementor-column elementor-col-33 elementor-top-column elementor-element elementor-element-e8e1dc2\" data-id=\"e8e1dc2\" data-element_type=\"column\" data-settings=\"{&quot;animation&quot;:&quot;none&quot;,&quot;animation_mobile&quot;:&quot;fadeInUp&quot;,&quot;animation_tablet&quot;:&quot;fadeInUp&quot;}\">\n\t\t\t<div class=\"elementor-widget-wrap elementor-element-populated\">\n\t\t\t\t\t\t<div class=\"elementor-element elementor-element-a733578 elementor-widget elementor-widget-heading\" data-id=\"a733578\" data-element_type=\"widget\" data-widget_type=\"heading.default\">\n\t\t\t\t<div class=\"elementor-widget-container\">\n\t\t\t<h4 class=\"elementor-heading-title elementor-size-default\">Automatically<\/h4>\t\t<\/div>\n\t\t\t\t<\/div>\n\t\t\t\t<div class=\"elementor-element elementor-element-d92ea9b elementor-widget elementor-widget-text-editor\" data-id=\"d92ea9b\" data-element_type=\"widget\" data-widget_type=\"text-editor.default\">\n\t\t\t\t<div class=\"elementor-widget-container\">\n\t\t\t\t\t\t\t<p>Responsr will automatically collect your NPS from your stakeholders.\u00a0<\/p><p>You control how often it should happen and a few sub-increments will automatically be sent from time to time - so you have an eye on the customers.<\/p>\t\t\t\t\t\t<\/div>\n\t\t\t\t<\/div>\n\t\t\t\t\t<\/div>\n\t\t<\/div>\n\t\t\t\t<div class=\"elementor-column elementor-col-33 elementor-top-column elementor-element elementor-element-1f350bc\" data-id=\"1f350bc\" data-element_type=\"column\" data-settings=\"{&quot;animation&quot;:&quot;none&quot;,&quot;animation_mobile&quot;:&quot;fadeInUp&quot;,&quot;animation_tablet&quot;:&quot;fadeInUp&quot;}\">\n\t\t\t<div class=\"elementor-widget-wrap elementor-element-populated\">\n\t\t\t\t\t\t<div class=\"elementor-element elementor-element-c86a502 elementor-widget elementor-widget-heading\" data-id=\"c86a502\" data-element_type=\"widget\" data-widget_type=\"heading.default\">\n\t\t\t\t<div class=\"elementor-widget-container\">\n\t\t\t<h4 class=\"elementor-heading-title elementor-size-default\">Fully integrated<\/h4>\t\t<\/div>\n\t\t\t\t<\/div>\n\t\t\t\t<div class=\"elementor-element elementor-element-473c95b elementor-widget elementor-widget-text-editor\" data-id=\"473c95b\" data-element_type=\"widget\" data-widget_type=\"text-editor.default\">\n\t\t\t\t<div class=\"elementor-widget-container\">\n\t\t\t\t\t\t\t<p>Stakeholders are automatically retrieved from Startdeliver.<br \/><br \/>The result is automatically fed back into Startdeliver. <br \/>It couldn&#039;t be simpler.<\/p><p>You can also receive notifications to Teams and Slack.<\/p>\t\t\t\t\t\t<\/div>\n\t\t\t\t<\/div>\n\t\t\t\t\t<\/div>\n\t\t<\/div>\n\t\t\t\t\t<\/div>\n\t\t<\/section>\n\t\t\t\t<section class=\"elementor-section elementor-top-section elementor-element elementor-element-f6e398c elementor-section-boxed elementor-section-height-default elementor-section-height-default elementor-invisible\" data-id=\"f6e398c\" data-element_type=\"section\" data-settings=\"{&quot;animation&quot;:&quot;fadeInUp&quot;,&quot;background_background&quot;:&quot;classic&quot;,&quot;animation_tablet&quot;:&quot;none&quot;}\">\n\t\t\t\t\t\t<div class=\"elementor-container elementor-column-gap-default\">\n\t\t\t\t\t<div class=\"elementor-column elementor-col-33 elementor-top-column elementor-element elementor-element-a2496bb\" data-id=\"a2496bb\" data-element_type=\"column\" data-settings=\"{&quot;animation&quot;:&quot;none&quot;,&quot;animation_mobile&quot;:&quot;fadeInUp&quot;,&quot;animation_tablet&quot;:&quot;fadeInUp&quot;}\">\n\t\t\t<div class=\"elementor-widget-wrap elementor-element-populated\">\n\t\t\t\t\t\t<div class=\"elementor-element elementor-element-8f74a7b elementor-widget elementor-widget-heading\" data-id=\"8f74a7b\" data-element_type=\"widget\" data-widget_type=\"heading.default\">\n\t\t\t\t<div class=\"elementor-widget-container\">\n\t\t\t<h4 class=\"elementor-heading-title elementor-size-default\">Customer success<\/h4>\t\t<\/div>\n\t\t\t\t<\/div>\n\t\t\t\t<div class=\"elementor-element elementor-element-3994f02 elementor-widget elementor-widget-text-editor\" data-id=\"3994f02\" data-element_type=\"widget\" data-widget_type=\"text-editor.default\">\n\t\t\t\t<div class=\"elementor-widget-container\">\n\t\t\t\t\t\t\t<p>Better insight into each account and each stakeholder.\u00a0<\/p><p>Improve churn analysis and tools to close the loop on customer feedback.<\/p>\t\t\t\t\t\t<\/div>\n\t\t\t\t<\/div>\n\t\t\t\t\t<\/div>\n\t\t<\/div>\n\t\t\t\t<div class=\"elementor-column elementor-col-33 elementor-top-column elementor-element elementor-element-4788ff7\" data-id=\"4788ff7\" data-element_type=\"column\" data-settings=\"{&quot;animation&quot;:&quot;none&quot;,&quot;animation_mobile&quot;:&quot;fadeInUp&quot;,&quot;animation_tablet&quot;:&quot;fadeInUp&quot;}\">\n\t\t\t<div class=\"elementor-widget-wrap elementor-element-populated\">\n\t\t\t\t\t\t<div class=\"elementor-element elementor-element-b2d4b66 elementor-widget elementor-widget-heading\" data-id=\"b2d4b66\" data-element_type=\"widget\" data-widget_type=\"heading.default\">\n\t\t\t\t<div class=\"elementor-widget-container\">\n\t\t\t<h4 class=\"elementor-heading-title elementor-size-default\">Management<\/h4>\t\t<\/div>\n\t\t\t\t<\/div>\n\t\t\t\t<div class=\"elementor-element elementor-element-6847f93 elementor-widget elementor-widget-text-editor\" data-id=\"6847f93\" data-element_type=\"widget\" data-widget_type=\"text-editor.default\">\n\t\t\t\t<div class=\"elementor-widget-container\">\n\t\t\t\t\t\t\t<p>Automate NPS reporting and gain insights as a benchmark against other companies and industries.\u00a0<\/p><p>The text analysis summarizes the customers&#039; experience in a clear way.<\/p>\t\t\t\t\t\t<\/div>\n\t\t\t\t<\/div>\n\t\t\t\t\t<\/div>\n\t\t<\/div>\n\t\t\t\t<div class=\"elementor-column elementor-col-33 elementor-top-column elementor-element elementor-element-692be36\" data-id=\"692be36\" data-element_type=\"column\" data-settings=\"{&quot;animation&quot;:&quot;none&quot;,&quot;animation_mobile&quot;:&quot;fadeInUp&quot;,&quot;animation_tablet&quot;:&quot;fadeInUp&quot;}\">\n\t\t\t<div class=\"elementor-widget-wrap elementor-element-populated\">\n\t\t\t\t\t\t<div class=\"elementor-element elementor-element-88b7511 elementor-widget elementor-widget-heading\" data-id=\"88b7511\" data-element_type=\"widget\" data-widget_type=\"heading.default\">\n\t\t\t\t<div class=\"elementor-widget-container\">\n\t\t\t<h4 class=\"elementor-heading-title elementor-size-default\">Market &amp; sell<\/h4>\t\t<\/div>\n\t\t\t\t<\/div>\n\t\t\t\t<div class=\"elementor-element elementor-element-ecdbc41 elementor-widget elementor-widget-text-editor\" data-id=\"ecdbc41\" data-element_type=\"widget\" data-widget_type=\"text-editor.default\">\n\t\t\t\t<div class=\"elementor-widget-container\">\n\t\t\t\t\t\t\t<p>Collect reviews online to connect with potential leads.<\/p><p>We talk about who your ambassadors are - for whitepapers and references. Win back critics and direct campaigns to your passively satisfied customers.<\/p>\t\t\t\t\t\t<\/div>\n\t\t\t\t<\/div>\n\t\t\t\t\t<\/div>\n\t\t<\/div>\n\t\t\t\t\t<\/div>\n\t\t<\/section>\n\t\t\t\t<\/div>","protected":false},"excerpt":{"rendered":"<p>NPS\u00ae for Startdeliver Better Customer Success with NPS Get more insights into Customer Success work with the help of NPS. Together with Startdeliver, the leading system for Customer Success, we not only offer more insight into your customers but also tools for the rest of the company. Responsr is for those of you who not only want to measure NPS as a key figure, but [\u2026]<\/p>","protected":false},"author":11,"featured_media":0,"parent":0,"menu_order":0,"comment_status":"closed","ping_status":"closed","template":"","meta":{"_seopress_robots_primary_cat":"","_seopress_titles_title":"NPS f\u00f6r Startdeliver","_seopress_titles_desc":"F\u00e5 mer information om dina stakeholders i Startdeliver och f\u00e5 b\u00e4ttre insyn i churnrisk.\r\nResponsr ger dig alla NPS-verktyg f\u00f6r maximal nytta av Startdeliver. Prova gratis!","_seopress_robots_index":"","inline_featured_image":false,"footnotes":""},"class_list":["post-6864","page","type-page","status-publish","hentry"],"_links":{"self":[{"href":"https:\/\/responsr.io\/en\/wp-json\/wp\/v2\/pages\/6864"}],"collection":[{"href":"https:\/\/responsr.io\/en\/wp-json\/wp\/v2\/pages"}],"about":[{"href":"https:\/\/responsr.io\/en\/wp-json\/wp\/v2\/types\/page"}],"author":[{"embeddable":true,"href":"https:\/\/responsr.io\/en\/wp-json\/wp\/v2\/users\/11"}],"replies":[{"embeddable":true,"href":"https:\/\/responsr.io\/en\/wp-json\/wp\/v2\/comments?post=6864"}],"version-history":[{"count":4,"href":"https:\/\/responsr.io\/en\/wp-json\/wp\/v2\/pages\/6864\/revisions"}],"predecessor-version":[{"id":7405,"href":"https:\/\/responsr.io\/en\/wp-json\/wp\/v2\/pages\/6864\/revisions\/7405"}],"wp:attachment":[{"href":"https:\/\/responsr.io\/en\/wp-json\/wp\/v2\/media?parent=6864"}],"curies":[{"name":"wp","href":"https:\/\/api.w.org\/{rel}","templated":true}]}}