{"id":7107,"date":"2024-06-11T09:32:13","date_gmt":"2024-06-11T07:32:13","guid":{"rendered":"https:\/\/responsr.io\/?page_id=7107"},"modified":"2024-09-09T15:34:57","modified_gmt":"2024-09-09T13:34:57","slug":"re","status":"publish","type":"page","link":"https:\/\/responsr.io\/en\/re\/","title":{"rendered":"Nps \u2013 Net Promoter Score"},"content":{"rendered":"<div data-elementor-type=\"wp-page\" data-elementor-id=\"7107\" class=\"elementor elementor-7107\" data-elementor-post-type=\"page\">\n\t\t\t\t\t\t<section class=\"elementor-section elementor-top-section elementor-element elementor-element-3abf573 elementor-section-boxed elementor-section-height-default elementor-section-height-default\" data-id=\"3abf573\" data-element_type=\"section\">\n\t\t\t\t\t\t<div class=\"elementor-container elementor-column-gap-default\">\n\t\t\t\t\t<div class=\"elementor-column elementor-col-100 elementor-top-column elementor-element elementor-element-b92c271\" data-id=\"b92c271\" data-element_type=\"column\">\n\t\t\t<div class=\"elementor-widget-wrap elementor-element-populated\">\n\t\t\t\t\t\t<div class=\"elementor-element elementor-element-029fb34 elementor-widget elementor-widget-image\" data-id=\"029fb34\" data-element_type=\"widget\" data-widget_type=\"image.default\">\n\t\t\t\t<div class=\"elementor-widget-container\">\n\t\t\t\t\t\t\t\t\t\t\t\t\t<img fetchpriority=\"high\" decoding=\"async\" width=\"800\" height=\"800\" src=\"https:\/\/responsr.io\/wp-content\/uploads\/2021\/01\/hemsida-block-1000x1000-nps-tjej.jpg\" class=\"attachment-large size-large wp-image-4098\" alt=\"Get customer feedback with a customer survey tool\" srcset=\"https:\/\/responsr.io\/wp-content\/uploads\/2021\/01\/hemsida-block-1000x1000-nps-tjej.jpg 1000w, https:\/\/responsr.io\/wp-content\/uploads\/2021\/01\/hemsida-block-1000x1000-nps-tjej-300x300.jpg 300w, https:\/\/responsr.io\/wp-content\/uploads\/2021\/01\/hemsida-block-1000x1000-nps-tjej-150x150.jpg 150w, https:\/\/responsr.io\/wp-content\/uploads\/2021\/01\/hemsida-block-1000x1000-nps-tjej-768x768.jpg 768w, https:\/\/responsr.io\/wp-content\/uploads\/2021\/01\/hemsida-block-1000x1000-nps-tjej-12x12.jpg 12w\" sizes=\"(max-width: 800px) 100vw, 800px\" \/>\t\t\t\t\t\t\t\t\t\t\t\t\t<\/div>\n\t\t\t\t<\/div>\n\t\t\t\t\t<\/div>\n\t\t<\/div>\n\t\t\t\t\t<\/div>\n\t\t<\/section>\n\t\t\t\t<section class=\"elementor-section elementor-top-section elementor-element elementor-element-506e98e elementor-section-boxed elementor-section-height-default elementor-section-height-default\" data-id=\"506e98e\" data-element_type=\"section\">\n\t\t\t\t\t\t<div class=\"elementor-container elementor-column-gap-default\">\n\t\t\t\t\t<div class=\"elementor-column elementor-col-100 elementor-top-column elementor-element elementor-element-2917e8b\" data-id=\"2917e8b\" data-element_type=\"column\">\n\t\t\t<div class=\"elementor-widget-wrap\">\n\t\t\t\t\t\t\t<\/div>\n\t\t<\/div>\n\t\t\t\t\t<\/div>\n\t\t<\/section>\n\t\t\t\t<section class=\"elementor-section elementor-top-section elementor-element elementor-element-2ba57b1 elementor-section-boxed elementor-section-height-default elementor-section-height-default\" data-id=\"2ba57b1\" data-element_type=\"section\">\n\t\t\t\t\t\t<div class=\"elementor-container elementor-column-gap-default\">\n\t\t\t\t\t<div class=\"elementor-column elementor-col-100 elementor-top-column elementor-element elementor-element-f62ad06\" data-id=\"f62ad06\" data-element_type=\"column\">\n\t\t\t<div class=\"elementor-widget-wrap elementor-element-populated\">\n\t\t\t\t\t\t<div class=\"elementor-element elementor-element-7f6524e elementor-widget elementor-widget-text-editor\" data-id=\"7f6524e\" data-element_type=\"widget\" data-widget_type=\"text-editor.default\">\n\t\t\t\t<div class=\"elementor-widget-container\">\n\t\t\t\t\t\t\t<p data-ccp-props=\"{&quot;335551550&quot;:1,&quot;335551620&quot;:1,&quot;335559683&quot;:0,&quot;335559685&quot;:0,&quot;335559731&quot;:0,&quot;335559737&quot;:0,&quot;335562764&quot;:2,&quot;335562765&quot;:1,&quot;335562766&quot;:4,&quot;335562767&quot;:0,&quot;335562768&quot;:4,&quot;335562769&quot;:0}\"><b><span data-scheme-color=\"@4A4A4A,,\" data-usefontface=\"true\" data-contrast=\"none\">How Net promoter score (NPS) works<\/span><\/b><\/p><p data-ccp-props=\"{&quot;335551550&quot;:1,&quot;335551620&quot;:1,&quot;335559683&quot;:0,&quot;335559685&quot;:0,&quot;335559731&quot;:0,&quot;335559737&quot;:0,&quot;335562764&quot;:2,&quot;335562765&quot;:1,&quot;335562766&quot;:4,&quot;335562767&quot;:0,&quot;335562768&quot;:4,&quot;335562769&quot;:0}\">You have probably answered several surveys. Some very long others a little shorter. It is common for surveys to be designed for a specific purpose and as a respondent is prompted to think about different areas from a specific business. In the early 2000s, Fred Reichheld researched which question actually produced an effect. The research showed that several issues thought to be important actually had no effect at all. It was seen that the ultimate question was &quot;Would you recommend the company\/product to a friend or colleague&quot;. By asking this question, you got a direct insight into how customers experienced the meeting with the company. The higher the score, the more loyal the customer was. There are several ways to scale the answers, but the most common is 1-10, where 1 is the lowest possible grade. The customers are then divided into 3 categories<\/p><p data-ccp-props=\"{&quot;335551550&quot;:1,&quot;335551620&quot;:1,&quot;335559683&quot;:0,&quot;335559685&quot;:0,&quot;335559731&quot;:0,&quot;335559737&quot;:0,&quot;335562764&quot;:2,&quot;335562765&quot;:1,&quot;335562766&quot;:4,&quot;335562767&quot;:0,&quot;335562768&quot;:4,&quot;335562769&quot;:0}\"><span data-scheme-color=\"@4A4A4A,,\" data-usefontface=\"true\" data-contrast=\"none\">1-6 Negatives. Those customers who have a moderate to <\/span><span data-scheme-color=\"@4A4A4A,,\" data-usefontface=\"true\" data-contrast=\"none\">bad experience. These customers will come <\/span><span data-scheme-color=\"@4A4A4A,,\" data-usefontface=\"true\" data-contrast=\"none\">maybe back but won&#039;t <\/span><span data-scheme-color=\"@4A4A4A,,\" data-usefontface=\"true\" data-contrast=\"none\">recommend you further, in some cases even speak <\/span><span data-scheme-color=\"@4A4A4A,,\" data-usefontface=\"true\" data-contrast=\"none\">bad about your business.<\/span><\/p><p data-ccp-props=\"{&quot;335551550&quot;:1,&quot;335551620&quot;:1,&quot;335559683&quot;:0,&quot;335559685&quot;:0,&quot;335559731&quot;:0,&quot;335559737&quot;:0,&quot;335562764&quot;:2,&quot;335562765&quot;:1,&quot;335562766&quot;:4,&quot;335562767&quot;:0,&quot;335562768&quot;:4,&quot;335562769&quot;:0}\"><span data-scheme-color=\"@4A4A4A,,\" data-usefontface=\"true\" data-contrast=\"none\">7-8 Satisfied customers. The customers you think <\/span><span data-scheme-color=\"@4A4A4A,,\" data-usefontface=\"true\" data-contrast=\"none\">lives up to expectations but no more. <\/span><span data-scheme-color=\"@4A4A4A,,\" data-usefontface=\"true\" data-contrast=\"none\">These customers come back but come <\/span><span data-scheme-color=\"@4A4A4A,,\" data-usefontface=\"true\" data-contrast=\"none\">do not actively recommend you.<\/span><\/p><p data-ccp-props=\"{&quot;335551550&quot;:1,&quot;335551620&quot;:1,&quot;335559683&quot;:0,&quot;335559685&quot;:0,&quot;335559731&quot;:0,&quot;335559737&quot;:0,&quot;335562764&quot;:2,&quot;335562765&quot;:1,&quot;335562766&quot;:4,&quot;335562767&quot;:0,&quot;335562768&quot;:4,&quot;335562769&quot;:0}\"><span data-scheme-color=\"@4A4A4A,,\" data-usefontface=\"true\" data-contrast=\"none\">9-10 Ambassadors. The customers who are more than <\/span><span data-scheme-color=\"@4A4A4A,,\" data-usefontface=\"true\" data-contrast=\"none\">satisfied. These customers are your promoters. Them <\/span><span data-scheme-color=\"@4A4A4A,,\" data-usefontface=\"true\" data-contrast=\"none\">returns to a greater extent than others <\/span><span data-scheme-color=\"@4A4A4A,,\" data-usefontface=\"true\" data-contrast=\"none\">and will actively recommend you further<\/span><\/p><p data-ccp-props=\"{&quot;335551550&quot;:1,&quot;335551620&quot;:1,&quot;335559683&quot;:0,&quot;335559685&quot;:0,&quot;335559731&quot;:0,&quot;335559737&quot;:0,&quot;335562764&quot;:2,&quot;335562765&quot;:1,&quot;335562766&quot;:4,&quot;335562767&quot;:0,&quot;335562768&quot;:4,&quot;335562769&quot;:0}\">The net promoter score then becomes the total score of the number of ambassadors in % - the number of negatives in %.<\/p><p data-ccp-props=\"{&quot;335551550&quot;:1,&quot;335551620&quot;:1,&quot;335559683&quot;:0,&quot;335559685&quot;:0,&quot;335559731&quot;:0,&quot;335559737&quot;:0,&quot;335562764&quot;:2,&quot;335562765&quot;:1,&quot;335562766&quot;:4,&quot;335562767&quot;:0,&quot;335562768&quot;:4,&quot;335562769&quot;:0}\">This constitutes a score between -100 and 100.\u00a0<\/p><p data-ccp-props=\"{&quot;335551550&quot;:1,&quot;335551620&quot;:1,&quot;335559683&quot;:0,&quot;335559685&quot;:0,&quot;335559731&quot;:0,&quot;335559737&quot;:0,&quot;335562764&quot;:2,&quot;335562765&quot;:1,&quot;335562766&quot;:4,&quot;335562767&quot;:0,&quot;335562768&quot;:4,&quot;335562769&quot;:0}\">The most successful companies have an NPS of between 60-80.<\/p><p data-ccp-props=\"{&quot;335551550&quot;:1,&quot;335551620&quot;:1,&quot;335559683&quot;:0,&quot;335559685&quot;:0,&quot;335559731&quot;:0,&quot;335559737&quot;:0,&quot;335562764&quot;:2,&quot;335562765&quot;:1,&quot;335562766&quot;:4,&quot;335562767&quot;:0,&quot;335562768&quot;:4,&quot;335562769&quot;:0}\">Responsr is not just a tool to find out your net promoter score but a whole system for working with the net promoter system. Please read more about the net promoter system in the next post.<\/p><p data-ccp-props=\"{&quot;335551550&quot;:1,&quot;335551620&quot;:1,&quot;335559683&quot;:0,&quot;335559685&quot;:0,&quot;335559731&quot;:0,&quot;335559737&quot;:0,&quot;335562764&quot;:2,&quot;335562765&quot;:1,&quot;335562766&quot;:4,&quot;335562767&quot;:0,&quot;335562768&quot;:4,&quot;335562769&quot;:0}\">Please read more in the Book <a href=\"https:\/\/books.google.se\/books\/about\/The_Ultimate_Question_2_0.html?id=e8jhiYjQrU0C&amp;redir_esc=y\"><span class=\"fn\" style=\"color: #333333; font-weight: bold; font-size: 23.4px;\"><span dir=\"ltr\">The Ultimate Question 2.0<\/span><\/span><span style=\"color: #333333; font-size: 3.1rem; font-weight: bold;\">:\u00a0<\/span><span class=\"subtitle\" style=\"color: #333333; font-size: 15.6px;\"><span dir=\"ltr\">How Net Promoter Companies Thrive in a Customer-driven World<\/span><\/span><\/a><\/p><p data-ccp-props=\"{&quot;335551550&quot;:1,&quot;335551620&quot;:1,&quot;335559683&quot;:0,&quot;335559685&quot;:0,&quot;335559731&quot;:0,&quot;335559737&quot;:0,&quot;335562764&quot;:2,&quot;335562765&quot;:1,&quot;335562766&quot;:4,&quot;335562767&quot;:0,&quot;335562768&quot;:4,&quot;335562769&quot;:0}\">\u00a0<\/p>\t\t\t\t\t\t<\/div>\n\t\t\t\t<\/div>\n\t\t\t\t<div class=\"elementor-element elementor-element-2140a4f elementor-grid-3 elementor-grid-tablet-2 elementor-grid-mobile-1 elementor-widget elementor-widget-loop-grid\" data-id=\"2140a4f\" data-element_type=\"widget\" data-settings=\"{&quot;template_id&quot;:7117,&quot;_skin&quot;:&quot;post&quot;,&quot;columns&quot;:&quot;3&quot;,&quot;columns_tablet&quot;:&quot;2&quot;,&quot;columns_mobile&quot;:&quot;1&quot;,&quot;edit_handle_selector&quot;:&quot;[data-elementor-type=\\&quot;loop-item\\&quot;]&quot;,&quot;row_gap&quot;:{&quot;unit&quot;:&quot;px&quot;,&quot;size&quot;:&quot;&quot;,&quot;sizes&quot;:[]},&quot;row_gap_tablet&quot;:{&quot;unit&quot;:&quot;px&quot;,&quot;size&quot;:&quot;&quot;,&quot;sizes&quot;:[]},&quot;row_gap_mobile&quot;:{&quot;unit&quot;:&quot;px&quot;,&quot;size&quot;:&quot;&quot;,&quot;sizes&quot;:[]}}\" data-widget_type=\"loop-grid.post\">\n\t\t\t\t<div class=\"elementor-widget-container\">\n\t\t\t\t\t<div class=\"elementor-loop-container elementor-grid\">\n\t\t<style id=\"loop-7117\"><\/style>\t\t<\/div>\n\t\t\n\t\t\t\t<\/div>\n\t\t\t\t<\/div>\n\t\t\t\t\t<\/div>\n\t\t<\/div>\n\t\t\t\t\t<\/div>\n\t\t<\/section>\n\t\t\t\t<\/div>","protected":false},"excerpt":{"rendered":"<p>How Net promoter score (NPS) works You have probably answered several surveys. Some very long others a little shorter. It is common for surveys to be designed for a specific purpose and as a respondent is prompted to think about different areas from a specific business. During the early 2000s, Fred Reichheld researched which question actually [\u2026]<\/p>","protected":false},"author":11,"featured_media":0,"parent":0,"menu_order":0,"comment_status":"closed","ping_status":"closed","template":"","meta":{"_seopress_robots_primary_cat":"","_seopress_titles_title":"Vad \u00e4r Nps - Net Promotor Score? Hur r\u00e4knar man ut NPS score?","_seopress_titles_desc":"NPS st\u00e5r f\u00f6r Net Promotor Score och \u00e4r ett s\u00e4tt att m\u00e4ta kundn\u00f6jdhet. Genom att r\u00e4kna ut NPS Score kan du se hur villiga dina kunder \u00e4r att rekommendera er.","_seopress_robots_index":"","inline_featured_image":false,"footnotes":""},"class_list":["post-7107","page","type-page","status-publish","hentry"],"_links":{"self":[{"href":"https:\/\/responsr.io\/en\/wp-json\/wp\/v2\/pages\/7107"}],"collection":[{"href":"https:\/\/responsr.io\/en\/wp-json\/wp\/v2\/pages"}],"about":[{"href":"https:\/\/responsr.io\/en\/wp-json\/wp\/v2\/types\/page"}],"author":[{"embeddable":true,"href":"https:\/\/responsr.io\/en\/wp-json\/wp\/v2\/users\/11"}],"replies":[{"embeddable":true,"href":"https:\/\/responsr.io\/en\/wp-json\/wp\/v2\/comments?post=7107"}],"version-history":[{"count":15,"href":"https:\/\/responsr.io\/en\/wp-json\/wp\/v2\/pages\/7107\/revisions"}],"predecessor-version":[{"id":7378,"href":"https:\/\/responsr.io\/en\/wp-json\/wp\/v2\/pages\/7107\/revisions\/7378"}],"wp:attachment":[{"href":"https:\/\/responsr.io\/en\/wp-json\/wp\/v2\/media?parent=7107"}],"curies":[{"name":"wp","href":"https:\/\/api.w.org\/{rel}","templated":true}]}}